{"id":1349,"date":"2025-01-30T20:49:40","date_gmt":"2025-01-30T20:49:40","guid":{"rendered":"https:\/\/www.azizarkan.com\/?page_id=1349"},"modified":"2026-03-24T10:30:24","modified_gmt":"2026-03-24T10:30:24","slug":"veraset-intikal-dilekce-ornegi","status":"publish","type":"page","link":"https:\/\/www.azizarkan.com\/?page_id=1349","title":{"rendered":"Veraset \u0130ntikal Dilek\u00e7e \u00d6rne\u011fi"},"content":{"rendered":"<div data-colibri-id=\"1349-c1\" class=\"style-715 style-local-1349-c1 position-relative\">\n  <!---->\n  <div data-colibri-component=\"section\" data-colibri-id=\"1349-c2\" id=\"custom\" class=\"h-section h-section-global-spacing d-flex align-items-lg-center align-items-md-center align-items-center style-1408 style-local-1349-c2 position-relative\">\n    <!---->\n    <!---->\n    <div class=\"h-section-grid-container h-section-boxed-container\">\n      <!---->\n      <div data-colibri-id=\"1349-c6\" class=\"h-row-container gutters-row-lg-2 gutters-row-md-2 gutters-row-0 gutters-row-v-lg-2 gutters-row-v-md-2 gutters-row-v-2 style-1412 style-local-1349-c6 position-relative\">\n        <!---->\n        <div class=\"h-row justify-content-lg-center justify-content-md-center justify-content-center align-items-lg-stretch align-items-md-stretch align-items-stretch gutters-col-lg-2 gutters-col-md-2 gutters-col-0 gutters-col-v-lg-2 gutters-col-v-md-2 gutters-col-v-2\">\n          <!---->\n          <div class=\"h-column h-column-container d-flex h-col-lg-auto h-col-md-auto h-col-auto style-1413-outer style-local-1349-c7-outer\">\n            <div data-colibri-id=\"1349-c7\" class=\"d-flex h-flex-basis h-column__inner h-px-lg-2 h-px-md-2 h-px-2 v-inner-lg-2 v-inner-md-2 v-inner-2 style-1413 style-local-1349-c7 position-relative\">\n              <!---->\n              <!---->\n              <div class=\"w-100 h-y-container h-column__content h-column__v-align flex-basis-100 align-self-lg-start align-self-md-start align-self-start\">\n                <!---->\n                <div data-colibri-id=\"1349-c8\" class=\"h-text h-text-component style-1411 style-local-1349-c8 position-relative h-element\">\n                  <!---->\n                  <!---->\n                  <div class=\"\">\n                    <p _msttexthash=\"14803295\" _msthash=\"1796\">\u2026\u2026\u2026\u2026\u2026\u2026\u2026.. SULH HUKUK MAHKEMES\u0130 HAK\u0130ML\u0130\u011e\u0130\u2019NE<\/p>\n                    <p _msttexthash=\"14803295\" _msthash=\"1796\">\n                      <br>\n                    <\/p>\n                    <p _msttexthash=\"14803295\" _msthash=\"1796\">&#8230;&#8230;\/&#8230;&#8230;\/&#8230;&#8230;&#8230;..<\/p>\n                    <p _msttexthash=\"14803295\" _msthash=\"1796\">\n                      <br>\n                    <\/p>\n                    <p _msttexthash=\"14803295\" _msthash=\"1796\">KONU : Veraset ilam\u0131 isteme talebidir.<\/p>\n                    <p _msttexthash=\"14803295\" _msthash=\"1796\">DAVACI : HASAN \u00c7EK\u0130L (TORUN)<\/p>\n                    <p _msttexthash=\"14803295\" _msthash=\"1796\">DAVALI : MEHMET \u00c7EK\u0130L-NAZ\u0130RE \u00c7EK\u0130L<\/p>\n                    <p _msttexthash=\"14803295\" _msthash=\"1796\">DAVA : Veraset ilam\u0131.\n                      <br> A\u00c7IKLAMA : 1- Annem Sultan \u00c7ekil 13\/10\/2024&nbsp;tarihinde vefat etmi\u015ftir. Annemizin Annesi Nazire \u00c7ekil ve Babas\u0131 Mehmet \u00c7ekil\u2019in veraset ilam\u0131 al\u0131nmad\u0131\u011f\u0131 i\u00e7in annemize&nbsp;miras kalan gayrimenkulleri alamamaktay\u0131z<\/p>\n                    <p _msttexthash=\"14803295\"\n                      _msthash=\"1796\">2- Murisin, n\u00fcfus suretinde belirtilenlerden ba\u015fkaca kanuni ve mansup miras\u00e7\u0131lar\u0131 bulunmamaktad\u0131r.<\/p>\n                    <p _msttexthash=\"14803295\" _msthash=\"1796\">3- Baz\u0131 resmi kurumlarda kullan\u0131lmas\u0131 zorunlu bulundu\u011fundan muris Mehmet-Nazire \u00c7ekil\u2019in miras\u00e7\u0131lar\u0131n\u0131 g\u00f6sterir veraset ilam\u0131n\u0131n taraf\u0131m\u0131za verilmesini talep etme zarureti has\u0131l olmu\u015ftur.\n                      <br> SONU\u00c7 : Yukar\u0131da arz edildi\u011fi gibi, Muris Mehmet \u2013 Nazire \u00c7ekilin miras\u00e7\u0131lar\u0131n\u0131 g\u00f6sterir Veraset Belgesinin taraf\u0131m\u0131za verilmesini sayg\u0131yla arz ve talep ederim.<\/p>\n                    <p _msttexthash=\"14803295\" _msthash=\"1796\">\n                      <br>\n                    <\/p>\n                    <p _msttexthash=\"14803295\" _msthash=\"1796\">Davac\u0131&nbsp;&nbsp;&nbsp;&nbsp;&nbsp;&nbsp;&nbsp;&nbsp;&nbsp;&nbsp;&nbsp;&nbsp;&nbsp;&nbsp;&nbsp;&nbsp;&nbsp;&nbsp;&nbsp;&nbsp;&nbsp;&nbsp;&nbsp;&nbsp;&nbsp;&nbsp;&nbsp;&nbsp;&nbsp;&nbsp;&nbsp;&nbsp;&nbsp;&nbsp;&nbsp;&nbsp;&nbsp;&nbsp;&nbsp;&nbsp;&nbsp;&nbsp;&nbsp;&nbsp;&nbsp;&nbsp;&nbsp;&nbsp;&nbsp;&nbsp;&nbsp;&nbsp;&nbsp;&nbsp;&nbsp;&nbsp;&nbsp;&nbsp;&nbsp;&nbsp;&nbsp;&nbsp;&nbsp;&nbsp;&nbsp;&nbsp;&nbsp;&nbsp;&nbsp;&nbsp;&nbsp;&nbsp;&nbsp;&nbsp;&nbsp;&nbsp;&nbsp;&nbsp;&nbsp;&nbsp;&nbsp;&nbsp;&nbsp;&nbsp;&nbsp;&nbsp;&nbsp;&nbsp;&nbsp;&nbsp;&nbsp;&nbsp;&nbsp;&nbsp;&nbsp;&nbsp;&nbsp;&nbsp;&nbsp;&nbsp;&nbsp;&nbsp;&nbsp;&nbsp;&nbsp;&nbsp;&nbsp;&nbsp;&nbsp;&nbsp;&nbsp;&nbsp;&nbsp;&nbsp;&nbsp;&nbsp;&nbsp;&nbsp;&nbsp;&nbsp;Davac\u0131<\/p>\n                    <p\n                      _msttexthash=\"14803295\" _msthash=\"1796\">N\u00fcfus Bilgileri :&nbsp;&nbsp;&nbsp;&nbsp;&nbsp;&nbsp;&nbsp;&nbsp;&nbsp;&nbsp;&nbsp;&nbsp;&nbsp;&nbsp;&nbsp;&nbsp;&nbsp;&nbsp;&nbsp;&nbsp;&nbsp;&nbsp;&nbsp;&nbsp;&nbsp;&nbsp;&nbsp;&nbsp;&nbsp;&nbsp;&nbsp;&nbsp;&nbsp;&nbsp;&nbsp;&nbsp;&nbsp;&nbsp;&nbsp;&nbsp;&nbsp;&nbsp;&nbsp;&nbsp;&nbsp;&nbsp;&nbsp;&nbsp;&nbsp;&nbsp;&nbsp;&nbsp;&nbsp;&nbsp;&nbsp;&nbsp;&nbsp;&nbsp;&nbsp;&nbsp;&nbsp;&nbsp;&nbsp;&nbsp;&nbsp;&nbsp;&nbsp;&nbsp;&nbsp;&nbsp;&nbsp;&nbsp;&nbsp;&nbsp;&nbsp;&nbsp;&nbsp;&nbsp;&nbsp;&nbsp;&nbsp;&nbsp;&nbsp;&nbsp;&nbsp;&nbsp;&nbsp;&nbsp;&nbsp;&nbsp;&nbsp;&nbsp;&nbsp;&nbsp;&nbsp;&nbsp;&nbsp;&nbsp;&nbsp;&nbsp;&nbsp;&nbsp;&nbsp;Ad\u0131\n                      Soyad\u0131<\/p>\n                      <p _msttexthash=\"14803295\" _msthash=\"1796\">\u0130li : \u0130STANBUL&nbsp;&nbsp;&nbsp;&nbsp;&nbsp;&nbsp;&nbsp;&nbsp;&nbsp;&nbsp;&nbsp;&nbsp;&nbsp;&nbsp;&nbsp;&nbsp;&nbsp;&nbsp;&nbsp;&nbsp;&nbsp;&nbsp;&nbsp;&nbsp;&nbsp;&nbsp;&nbsp;&nbsp;&nbsp;&nbsp;&nbsp;&nbsp;&nbsp;&nbsp;&nbsp;&nbsp;&nbsp;&nbsp;&nbsp;&nbsp;&nbsp;&nbsp;&nbsp;&nbsp;&nbsp;&nbsp;&nbsp;&nbsp;&nbsp;&nbsp;&nbsp;&nbsp;&nbsp;&nbsp;&nbsp;&nbsp;&nbsp;&nbsp;&nbsp;&nbsp;&nbsp;&nbsp;&nbsp;&nbsp;&nbsp;&nbsp;&nbsp;&nbsp;&nbsp;&nbsp;&nbsp;&nbsp;&nbsp;&nbsp;&nbsp;&nbsp;&nbsp;&nbsp;&nbsp;&nbsp;&nbsp;&nbsp;&nbsp;&nbsp;&nbsp;&nbsp;&nbsp;&nbsp;&nbsp;&nbsp;&nbsp;&nbsp;&nbsp;&nbsp;&nbsp;&nbsp;&nbsp;&nbsp;&nbsp;&nbsp;&nbsp;&nbsp;HASAN\n                        \u00c7EK\u0130L<\/p>\n                      <p _msttexthash=\"14803295\" _msthash=\"1796\">\u0130l\u00e7esi : FAT\u0130H&nbsp;&nbsp;&nbsp;<\/p>\n                      <p _msttexthash=\"14803295\" _msthash=\"1796\">Mahallesi : EM\u0130R S\u0130NAN&nbsp;&nbsp;&nbsp;&nbsp;&nbsp;&nbsp;&nbsp;&nbsp;&nbsp;&nbsp;&nbsp;&nbsp;&nbsp;&nbsp;&nbsp;&nbsp;&nbsp;&nbsp;&nbsp;&nbsp;&nbsp;&nbsp;&nbsp;&nbsp;&nbsp;&nbsp;&nbsp;&nbsp;&nbsp;&nbsp;&nbsp;&nbsp;&nbsp;&nbsp;&nbsp;&nbsp;&nbsp;&nbsp;&nbsp;&nbsp;&nbsp;&nbsp;&nbsp;&nbsp;&nbsp;&nbsp;&nbsp;&nbsp;&nbsp;&nbsp;&nbsp;&nbsp;&nbsp;&nbsp;&nbsp;&nbsp;&nbsp;&nbsp;&nbsp;&nbsp;&nbsp;&nbsp;&nbsp;&nbsp;&nbsp;&nbsp;&nbsp;&nbsp;&nbsp;&nbsp;&nbsp;&nbsp;&nbsp;&nbsp;&nbsp;&nbsp;&nbsp;&nbsp;&nbsp;&nbsp;&nbsp;&nbsp;&nbsp;&nbsp;&nbsp;&nbsp;&nbsp;&nbsp;&nbsp;&nbsp;&nbsp;&nbsp;&nbsp;&nbsp;\u0130mza\n                        <\/p>\n                      <p _msttexthash=\"14803295\" _msthash=\"1796\">T.C. :58216041850<\/p>\n                      <p _msttexthash=\"14803295\" _msthash=\"1796\">\n                        <br>\n                      <\/p>\n                  <\/div>\n                <\/div>\n              <\/div>\n            <\/div>\n          <\/div>\n        <\/div>\n      <\/div>\n    <\/div>\n  <\/div>\n<\/div>","protected":false},"excerpt":{"rendered":"<p>\u2026\u2026\u2026\u2026\u2026\u2026\u2026.. SULH HUKUK MAHKEMES\u0130 HAK\u0130ML\u0130\u011e\u0130\u2019NE &#8230;&#8230;\/&#8230;&#8230;\/&#8230;&#8230;&#8230;.. KONU : Veraset ilam\u0131 isteme talebidir. DAVACI : HASAN \u00c7EK\u0130L (TORUN) DAVALI : MEHMET \u00c7EK\u0130L-NAZ\u0130RE \u00c7EK\u0130L DAVA : Veraset ilam\u0131. A\u00c7IKLAMA : 1- Annem Sultan \u00c7ekil 13\/10\/2024&nbsp;tarihinde vefat etmi\u015ftir. Annemizin Annesi Nazire \u00c7ekil ve Babas\u0131 Mehmet \u00c7ekil\u2019in veraset ilam\u0131 al\u0131nmad\u0131\u011f\u0131 i\u00e7in annemize&nbsp;miras kalan gayrimenkulleri alamamaktay\u0131z 2- Murisin, n\u00fcfus suretinde [&hellip;]<\/p>\n","protected":false},"author":1,"featured_media":0,"parent":0,"menu_order":0,"comment_status":"closed","ping_status":"closed","template":"page-templates\/full-width-page.php","meta":{"om_disable_all_campaigns":false,"_monsterinsights_skip_tracking":false,"_monsterinsights_sitenote_active":false,"_monsterinsights_sitenote_note":"","_monsterinsights_sitenote_category":0,"_uf_show_specific_survey":0,"_uf_disable_surveys":false,"footnotes":""},"class_list":["post-1349","page","type-page","status-publish","hentry"],"aioseo_notices":[],"_links":{"self":[{"href":"https:\/\/www.azizarkan.com\/index.php?rest_route=\/wp\/v2\/pages\/1349","targetHints":{"allow":["GET"]}}],"collection":[{"href":"https:\/\/www.azizarkan.com\/index.php?rest_route=\/wp\/v2\/pages"}],"about":[{"href":"https:\/\/www.azizarkan.com\/index.php?rest_route=\/wp\/v2\/types\/page"}],"author":[{"embeddable":true,"href":"https:\/\/www.azizarkan.com\/index.php?rest_route=\/wp\/v2\/users\/1"}],"replies":[{"embeddable":true,"href":"https:\/\/www.azizarkan.com\/index.php?rest_route=%2Fwp%2Fv2%2Fcomments&post=1349"}],"version-history":[{"count":5,"href":"https:\/\/www.azizarkan.com\/index.php?rest_route=\/wp\/v2\/pages\/1349\/revisions"}],"predecessor-version":[{"id":3337,"href":"https:\/\/www.azizarkan.com\/index.php?rest_route=\/wp\/v2\/pages\/1349\/revisions\/3337"}],"wp:attachment":[{"href":"https:\/\/www.azizarkan.com\/index.php?rest_route=%2Fwp%2Fv2%2Fmedia&parent=1349"}],"curies":[{"name":"wp","href":"https:\/\/api.w.org\/{rel}","templated":true}]}}