{"id":16,"date":"2025-01-26T12:05:14","date_gmt":"2025-01-26T12:05:14","guid":{"rendered":"https:\/\/www.azizarkan.com\/?page_id=16"},"modified":"2025-07-16T08:12:57","modified_gmt":"2025-07-16T08:12:57","slug":"properties","status":"publish","type":"page","link":"https:\/\/www.azizarkan.com\/?page_id=16","title":{"rendered":"H\u0130ZMETLER\u0130M\u0130Z"},"content":{"rendered":"<div class=\"style-780 style-local-16-c1 position-relative\" data-colibri-id=\"16-c1\">\n<div id=\"initial-content\" class=\"h-section h-section-global-spacing d-flex align-items-lg-center align-items-md-center align-items-center style-781 style-local-16-c2 position-relative\" data-colibri-component=\"section\" data-colibri-id=\"16-c2\">\n<div class=\"h-section-grid-container h-section-boxed-container\">\n<div class=\"h-row-container gutters-row-lg-2 gutters-row-md-2 gutters-row-0 gutters-row-v-lg-2 gutters-row-v-md-2 gutters-row-v-2 style-782 style-local-16-c3 position-relative\" data-colibri-id=\"16-c3\">\n<div class=\"h-row justify-content-lg-center justify-content-md-center justify-content-center align-items-lg-stretch align-items-md-stretch align-items-stretch gutters-col-lg-2 gutters-col-md-2 gutters-col-0 gutters-col-v-lg-2 gutters-col-v-md-2 gutters-col-v-2\">\n<div class=\"h-column h-column-container d-flex h-col-lg-auto h-col-md-auto h-col-auto style-783-outer style-local-16-c4-outer\">\n<div class=\"d-flex h-flex-basis h-column__inner h-px-lg-2 h-px-md-2 h-px-2 v-inner-lg-2 v-inner-md-2 v-inner-2 style-783 style-local-16-c4 position-relative\" data-colibri-id=\"16-c4\">\n<div class=\"w-100 h-y-container h-column__content h-column__v-align flex-basis-100 align-self-lg-start align-self-md-start align-self-start\">\n<div class=\"style-784 style-local-16-c5 position-relative h-element\" data-colibri-id=\"16-c5\">\n<div>\n<div class=\"TzHB6b j8lBAb p7kDMc cLjAic\" data-hveid=\"CFsQAA\" data-ved=\"2ahUKEwiRtte-h5mLAxVKAtsEHVQBCqcQy9oBKAB6BAhbEAA\">\n<div>\n<div class=\"sATSHe\">\n<div>\n<div>\n<div class=\"wDYxhc NFQFxe\" data-attrid=\"kc:\/local:merchant_description\" data-md=\"335\">\n<div data-ved=\"2ahUKEwiRtte-h5mLAxVKAtsEHVQBCqcQt5ICegQINRAA\" data-hveid=\"CDUQAA\">\n<div data-ved=\"2ahUKEwiRtte-h5mLAxVKAtsEHVQBCqcQ9e0CegQINRAB\" data-long-text=\"&quot;2010 y\u0131l\u0131ndan bu yana \u0130stanbul Avrupa yakas\u0131nda profesyonel ekibiyle t\u00fcm \u0130stanbul Avrupa yakas\u0131nda gayrimenkul dan\u0131\u015fmanl\u0131\u011f\u0131 hizmeti veren b\u00f6lgeye hakim tecr\u00fcbeli bir ofisiz. S\u00fcrekli geli\u015fim ve yeniliklerle hizmet kalitemizi her ge\u00e7en g\u00fcn artt\u0131rmaktay\u0131z. Konut, Ticari, Sanayi, Arsa ve Arazi, Markal\u0131 Konut Projelerinde uzmanla\u015fm\u0131\u015f ekibimizle ihtiya\u00e7lar\u0131n\u0131z do\u011frultusunda hareket ederek, sizler i\u00e7in en do\u011fru \u00e7\u00f6z\u00fcmleri \u00fcretmekteyiz. Bize g\u00fcvendi\u011finiz ve bizi tercih etti\u011finiz i\u00e7in te\u015fekk\u00fcr ederiz.\nSat\u0131l\u0131k olan gayrimenkul\u00fcn\u00fcz piyasa de\u011ferinde sat\u0131l\u0131r.\nKiral\u0131k olan gayrimenkul\u00fcn\u00fcz, sizin belirledi\u011finiz kriterlere uygun kirac\u0131 bulup kiralama i\u015fleri yap\u0131l\u0131r.\nDE\u011eER &amp; KR\u0130TERLER\u0130M\u0130Z :\n\nFAYDA YARATMAK\nKAL\u0130TEL\u0130 H\u0130ZMET\nS\u00dcREKL\u0130 GEL\u0130\u015e\u0130M&quot;\" data-short-text=\"&quot;2010 y\u0131l\u0131ndan bu yana \u0130stanbul Avrupa yakas\u0131nda profesyonel ekibiyle t\u00fcm \u0130stanbul Avrupa yakas\u0131nda gayrimenkul dan\u0131\u015fmanl\u0131\u011f\u0131 hizmeti veren b\u00f6lgeye hakim tecr\u00fcbeli bir ofisiz. S\u00fcrekli geli\u015fim ve yeniliklerle hizmet kalitemizi her ge\u00e7en g\u00fcn\" data-expanded=\"false\" data-show-less=\"false\" data-show-more-aria-label=\"daha fazla g\u00f6ster\" data-show-less-aria-label=\"daha az\">\n<div>\n<h2 class=\"qrShPb pXs6bb PZPZlf q8U8x aTI8gc hNKfZe\" style=\"text-align: center;\" data-dtype=\"d3ifr\" data-local-attribute=\"d3bn\" data-attrid=\"title\" data-ved=\"2ahUKEwiRtte-h5mLAxVKAtsEHVQBCqcQ3B0oAHoECFAQAQ\">Aziz Arkan Emlak Dan\u0131\u015fmanl\u0131k Hizmetleri<\/h2>\n<\/div>\n<div style=\"text-align: center;\">&#8220;2010 y\u0131l\u0131ndan bu yana \u0130stanbul Avrupa yakas\u0131nda profesyonel ekibiyle t\u00fcm \u0130stanbul Avrupa yakas\u0131nda gayrimenkul dan\u0131\u015fmanl\u0131\u011f\u0131 hizmeti veren b\u00f6lgeye hakim tecr\u00fcbeli bir ofisiz. S\u00fcrekli geli\u015fim ve yeniliklerle hizmet kalitemizi\nher ge\u00e7en g\u00fcn artt\u0131rmaktay\u0131z. Konut, Ticari, Sanayi, Arsa ve Arazi, Markal\u0131 Konut Projelerinde uzmanla\u015fm\u0131\u015f ekibimizle ihtiya\u00e7lar\u0131n\u0131z do\u011frultusunda hareket ederek, sizler i\u00e7in en do\u011fru \u00e7\u00f6z\u00fcmleri \u00fcretmekteyiz. Bize\ng\u00fcvendi\u011finiz ve bizi tercih etti\u011finiz i\u00e7in te\u015fekk\u00fcr ederiz. Sat\u0131l\u0131k olan gayrimenkul\u00fcn\u00fcz piyasa de\u011ferinde sat\u0131l\u0131r. Kiral\u0131k olan gayrimenkul\u00fcn\u00fcz, sizin belirledi\u011finiz kriterlere uygun kirac\u0131 bulup kiralama i\u015fleri yap\u0131l\u0131r.<\/div>\n<div style=\"text-align: center;\">DE\u011eER &amp; KR\u0130TERLER\u0130M\u0130Z :<\/div>\n<div style=\"text-align: center;\">FAYDA YARATMAK KAL\u0130TEL\u0130 H\u0130ZMET S\u00dcREKL\u0130 GEL\u0130\u015e\u0130M&#8221;<\/div>\n<\/div>\n<div><\/div>\n<div>1-Gayrimenkul\u00fcn\u00fcz\u00fc De\u011ferinde Sat\u0131\u015f Dan\u0131\u015fman\u0131<\/div>\n<div><\/div>\n<div>Ev satmak kolay i\u015f de\u011fil. \u0130\u015fin hem maddi boyutu b\u00fcy\u00fck, hem de duygusal nedenler ile yanl\u0131\u015f fiyatland\u0131rmaya a\u00e7\u0131k bir konu. Ev satman\u0131n kolay yolu ne yaz\u0131k ki yok. Bir gayrimenkul\u00fc h\u0131zl\u0131 ve de\u011ferine satmak i\u00e7in yap\u0131lmas\u0131 gereken \u00e7al\u0131\u015fmalar var.<\/div>\n<div><\/div>\n<div>2-Emlak&amp;Gayrimenkul<\/div>\n<div><\/div>\n<div>Firmam\u0131z, \u015firketlerin ihtiya\u00e7 duyduklar\u0131 em\u015fak ve gayrimenkulleri en uygun \u015fartlarda temin etmelerini sa\u011flamak amac\u0131yla profesyonel hizmet sunmaktad\u0131r. Bu dan\u0131\u015fmanl\u0131k, sat\u0131n alma s\u00fcre\u00e7lerinin her a\u015famas\u0131nda verimlili\u011fi art\u0131rmay\u0131 hedefler.<\/div>\n<div><\/div>\n<div>3- Ticari M\u00fclk Al\u0131m Sat\u0131m ve Kiralama Dan\u0131\u015fmanl\u0131\u011f\u0131<\/div>\n<div><\/div>\n<div>Firmam\u0131z, \u015firketlerin ihtiya\u00e7 duyduklar\u0131 em\u015fak ve gayrimenkulleri en uygun \u015fartlarda temin etmelerini sa\u011flamak amac\u0131yla profesyonel hizmet sunmaktad\u0131r. Bu dan\u0131\u015fmanl\u0131k, sat\u0131n alma s\u00fcre\u00e7lerinin her a\u015famas\u0131nda verimlili\u011fi art\u0131rmay\u0131 hedefler.<\/div>\n<div><\/div>\n<div>4-Gayrimenkul Al\u0131m-Sat\u0131m Arac\u0131l\u0131k Dan\u0131\u015fmanl\u0131\u011f\u0131<\/div>\n<div><\/div>\n<div>Gayrimenkul Sat\u0131\u015f\u0131 Arac\u0131l\u0131k Hizmeti AR-GE Aziz Arkan G\u00fcvencesi ve kurumsal Hizmet \u0130le M\u00fclk\u00fcn\u00fcz\u00fc Zaman\u0131nda ve De\u011ferinde Satar ve Kiralars\u0131n\u0131z.<\/div>\n<div><\/div>\n<div>5-Gayrimenkul De\u011ferleme Dan\u0131\u015fmanl\u0131\u011f\u0131<\/div>\n<div><\/div>\n<div>Gayrimenkul\u00fcn\u00fcz\u00fc H\u0131zl\u0131 ve De\u011ferinde \u0130\u015fleme D\u00f6n\u00fc\u015ft\u00fcrmeyi D\u00fc\u015f\u00fcnenlerin Adresi Emlak Dan\u0131\u015fmanl\u0131k Hizmetleri Ki\u015fiye \u00d6zel Sat\u0131\u015f ve Pazarlama Hizmeti Sunuyoruz Ey\u00fcpsultan Esenler Fatih B\u00f6lgesinde G\u00fcvenilir Emlak Ofisiniz.<\/div>\n<\/div>\n<\/div>\n<\/div>\n<\/div>\n<\/div>\n<\/div>\n<\/div>\n<div class=\"TzHB6b j8lBAb p7kDMc cLjAic\" data-hveid=\"CFYQAA\" data-ved=\"2ahUKEwiRtte-h5mLAxVKAtsEHVQBCqcQy9oBKAB6BAhWEAA\">\n<div>\n<div class=\"sATSHe\">\n<div>\n<div>\n<div class=\"wDYxhc NFQFxe\" data-attrid=\"kc:\/local:posts\" data-md=\"230\">\n<div data-ved=\"2ahUKEwiRtte-h5mLAxVKAtsEHVQBCqcQjMUBegQIQxAA\" data-hveid=\"CEMQAA\">\n<div data-ved=\"2ahUKEwiRtte-h5mLAxVKAtsEHVQBCqcQjMUBegQIQxAA\" data-show-nmx-chips=\"false\" data-show-zero-state=\"false\" data-is-listing-owner=\"false\" data-is-unverified-merchant=\"false\">\n<div><\/div>\n<div data-is-desktop=\"true\">\n<div class=\"HKispb QVPiOe\"><\/div>\n<\/div>\n<\/div>\n<\/div>\n<\/div>\n<\/div>\n<\/div>\n<\/div>\n<\/div>\n<\/div>\n<\/div>\n<\/div>\n<\/div>\n<\/div>\n<\/div>\n<\/div>\n<\/div>\n<\/div>\n<\/div>\n<div id=\"custom\" class=\"h-section h-section-global-spacing d-flex align-items-lg-center align-items-md-center align-items-center style-785 style-local-16-c10 position-relative\" data-colibri-component=\"section\" data-colibri-id=\"16-c10\">\n<div class=\"h-section-grid-container h-section-boxed-container\">\n<div class=\"h-row-container gutters-row-lg-2 gutters-row-md-2 gutters-row-0 gutters-row-v-lg-2 gutters-row-v-md-2 gutters-row-v-2 style-786 style-local-16-c11 position-relative\" data-colibri-id=\"16-c11\">\n<div class=\"h-row justify-content-lg-center justify-content-md-center justify-content-center align-items-lg-stretch align-items-md-stretch align-items-stretch gutters-col-lg-2 gutters-col-md-2 gutters-col-0 gutters-col-v-lg-2 gutters-col-v-md-2 gutters-col-v-2\">\n<div class=\"h-column h-column-container d-flex h-col-lg-auto h-col-md-auto h-col-auto style-787-outer style-local-16-c12-outer\">\n<div class=\"d-flex h-flex-basis h-column__inner h-px-lg-2 h-px-md-2 h-px-2 v-inner-lg-2 v-inner-md-2 v-inner-2 style-787 style-local-16-c12 position-relative\" data-colibri-id=\"16-c12\">\n<div class=\"w-100 h-y-container h-column__content h-column__v-align flex-basis-100 align-self-lg-start align-self-md-start align-self-start\">\n<div class=\"d-block style-794 style-local-16-c13 position-relative h-element\" data-colibri-id=\"16-c13\">\n<div class=\"h-image__frame-container-outer\">\n<div class=\"h-image__frame-container\">\n\n<img decoding=\"async\" class=\"style-794-image style-local-16-c13-image\" src=\"https:\/\/www.azizarkan.com\/wp-content\/uploads\/2025\/02\/cropped-AzizArkan-images-2-150x150.png\" \/>\n<div class=\"h-image__frame style-794-frameImage style-local-16-c13-frameImage\"><\/div>\n<\/div>\n<div class=\"style-794-caption style-local-16-c13-caption\">Gayrimenkul De\u011ferleme<\/div>\n<\/div>\n<\/div>\n<\/div>\n<\/div>\n<\/div>\n<div class=\"h-column h-column-container d-flex h-col-lg-auto h-col-md-auto h-col-auto style-788-outer style-local-16-c14-outer\">\n<div class=\"d-flex h-flex-basis h-column__inner h-px-lg-2 h-px-md-2 h-px-2 v-inner-lg-2 v-inner-md-2 v-inner-2 style-788 style-local-16-c14 position-relative\" data-colibri-id=\"16-c14\">\n<div class=\"w-100 h-y-container h-column__content h-column__v-align flex-basis-100 align-self-lg-start align-self-md-start align-self-start\">\n<div class=\"d-block style-795 style-local-16-c15 position-relative h-element\" data-colibri-id=\"16-c15\">\n<div class=\"h-image__frame-container-outer\">\n<div class=\"h-image__frame-container\">\n\n<img decoding=\"async\" class=\"style-795-image style-local-16-c15-image\" src=\"https:\/\/www.azizarkan.com\/wp-content\/uploads\/2025\/02\/cropped-AzizArkanc-icon-150x150.jpg\" \/>\n<div class=\"h-image__frame style-795-frameImage style-local-16-c15-frameImage\"><\/div>\n<\/div>\n<div class=\"style-795-caption style-local-16-c15-caption\">Gayrimenkul Yat\u0131r\u0131m Uzmanl\u0131\u011f\u0131<\/div>\n<\/div>\n<\/div>\n<\/div>\n<\/div>\n<\/div>\n<div class=\"h-column h-column-container d-flex h-col-lg-auto h-col-md-auto h-col-auto style-789-outer style-local-16-c16-outer\">\n<div class=\"d-flex h-flex-basis h-column__inner h-px-lg-2 h-px-md-2 h-px-2 v-inner-lg-2 v-inner-md-2 v-inner-2 style-789 style-local-16-c16 position-relative\" data-colibri-id=\"16-c16\">\n<div class=\"w-100 h-y-container h-column__content h-column__v-align flex-basis-100 align-self-lg-start align-self-md-start align-self-start\">\n<div class=\"d-block style-796 style-local-16-c17 position-relative h-element\" data-colibri-id=\"16-c17\">\n<div class=\"h-image__frame-container-outer\">\n<div class=\"h-image__frame-container\">\n\n<img decoding=\"async\" class=\"style-796-image style-local-16-c17-image\" src=\"https:\/\/www.azizarkan.com\/wp-content\/uploads\/2025\/02\/cropped-AzizArkanimages-3-150x150.png\" \/>\n<div class=\"h-image__frame style-796-frameImage style-local-16-c17-frameImage\"><\/div>\n<\/div>\n<div class=\"style-796-caption style-local-16-c17-caption\">Ticari Gayrimenkul Uzmanl\u0131\u011f\u0131<\/div>\n<\/div>\n<\/div>\n<\/div>\n<\/div>\n<\/div>\n<\/div>\n<\/div>\n<\/div>\n<\/div>\n<\/div>","protected":false},"excerpt":{"rendered":"<p>Aziz Arkan Emlak Dan\u0131\u015fmanl\u0131k Hizmetleri &#8220;2010 y\u0131l\u0131ndan bu yana \u0130stanbul Avrupa yakas\u0131nda profesyonel ekibiyle t\u00fcm \u0130stanbul Avrupa yakas\u0131nda gayrimenkul dan\u0131\u015fmanl\u0131\u011f\u0131 hizmeti veren b\u00f6lgeye hakim tecr\u00fcbeli bir ofisiz. S\u00fcrekli geli\u015fim ve yeniliklerle hizmet kalitemizi her ge\u00e7en g\u00fcn artt\u0131rmaktay\u0131z. Konut, Ticari, Sanayi, Arsa ve Arazi, Markal\u0131 Konut Projelerinde uzmanla\u015fm\u0131\u015f ekibimizle ihtiya\u00e7lar\u0131n\u0131z do\u011frultusunda hareket ederek, sizler i\u00e7in en [&hellip;]<\/p>\n","protected":false},"author":1,"featured_media":0,"parent":0,"menu_order":0,"comment_status":"closed","ping_status":"closed","template":"page-templates\/full-width-page.php","meta":{"om_disable_all_campaigns":false,"_monsterinsights_skip_tracking":false,"_monsterinsights_sitenote_active":false,"_monsterinsights_sitenote_note":"","_monsterinsights_sitenote_category":0,"_uf_show_specific_survey":0,"_uf_disable_surveys":false,"footnotes":""},"class_list":["post-16","page","type-page","status-publish","hentry"],"aioseo_notices":[],"_links":{"self":[{"href":"https:\/\/www.azizarkan.com\/index.php?rest_route=\/wp\/v2\/pages\/16","targetHints":{"allow":["GET"]}}],"collection":[{"href":"https:\/\/www.azizarkan.com\/index.php?rest_route=\/wp\/v2\/pages"}],"about":[{"href":"https:\/\/www.azizarkan.com\/index.php?rest_route=\/wp\/v2\/types\/page"}],"author":[{"embeddable":true,"href":"https:\/\/www.azizarkan.com\/index.php?rest_route=\/wp\/v2\/users\/1"}],"replies":[{"embeddable":true,"href":"https:\/\/www.azizarkan.com\/index.php?rest_route=%2Fwp%2Fv2%2Fcomments&post=16"}],"version-history":[{"count":5,"href":"https:\/\/www.azizarkan.com\/index.php?rest_route=\/wp\/v2\/pages\/16\/revisions"}],"predecessor-version":[{"id":3083,"href":"https:\/\/www.azizarkan.com\/index.php?rest_route=\/wp\/v2\/pages\/16\/revisions\/3083"}],"wp:attachment":[{"href":"https:\/\/www.azizarkan.com\/index.php?rest_route=%2Fwp%2Fv2%2Fmedia&parent=16"}],"curies":[{"name":"wp","href":"https:\/\/api.w.org\/{rel}","templated":true}]}}