{"id":1705,"date":"2025-02-01T22:58:25","date_gmt":"2025-02-01T22:58:25","guid":{"rendered":"https:\/\/www.azizarkan.com\/?page_id=1705"},"modified":"2025-02-01T23:12:03","modified_gmt":"2025-02-01T23:12:03","slug":"youtube","status":"publish","type":"page","link":"https:\/\/www.azizarkan.com\/?page_id=1705","title":{"rendered":"YouTube"},"content":{"rendered":"\t\t<div data-elementor-type=\"wp-page\" data-elementor-id=\"1705\" class=\"elementor elementor-1705\">\n\t\t\t\t<div class=\"elementor-element elementor-element-79d466c e-flex e-con-boxed e-con e-parent\" data-id=\"79d466c\" data-element_type=\"container\" data-e-type=\"container\">\n\t\t\t\t\t<div class=\"e-con-inner\">\n\t\t\t\t\t<\/div>\n\t\t\t\t<\/div>\n\t\t\t\t<\/div>\n\t\t","protected":false},"excerpt":{"rendered":"<p>18 Ocak 2025 9 Ocak 2025 9 Ocak 2025 Ho\u015fgeldin 2025 Gayrimenkul Sekt\u00f6r\u00fcn\u00fcn Yeni Kitaplar\u0131 Gayrimenkul de Kazan\u00e7 Elde Etmek Tesad\u00fcf De\u011fildir. #sondakika #haber #g\u00fcndem Gayrimenkul de Kazan\u00e7 Elde Etmek Tesad\u00fcf De\u011fildir. 23 Kas\u0131m 2024 23 Kas\u0131m 2024 Daha fazla y\u00fckle&#8230; Abone Ol<\/p>\n","protected":false},"author":1,"featured_media":0,"parent":0,"menu_order":0,"comment_status":"closed","ping_status":"closed","template":"","meta":{"om_disable_all_campaigns":false,"_monsterinsights_skip_tracking":false,"_monsterinsights_sitenote_active":false,"_monsterinsights_sitenote_note":"","_monsterinsights_sitenote_category":0,"_uf_show_specific_survey":0,"_uf_disable_surveys":false,"footnotes":""},"class_list":["post-1705","page","type-page","status-publish","hentry"],"aioseo_notices":[],"_links":{"self":[{"href":"https:\/\/www.azizarkan.com\/index.php?rest_route=\/wp\/v2\/pages\/1705","targetHints":{"allow":["GET"]}}],"collection":[{"href":"https:\/\/www.azizarkan.com\/index.php?rest_route=\/wp\/v2\/pages"}],"about":[{"href":"https:\/\/www.azizarkan.com\/index.php?rest_route=\/wp\/v2\/types\/page"}],"author":[{"embeddable":true,"href":"https:\/\/www.azizarkan.com\/index.php?rest_route=\/wp\/v2\/users\/1"}],"replies":[{"embeddable":true,"href":"https:\/\/www.azizarkan.com\/index.php?rest_route=%2Fwp%2Fv2%2Fcomments&post=1705"}],"version-history":[{"count":0,"href":"https:\/\/www.azizarkan.com\/index.php?rest_route=\/wp\/v2\/pages\/1705\/revisions"}],"wp:attachment":[{"href":"https:\/\/www.azizarkan.com\/index.php?rest_route=%2Fwp%2Fv2%2Fmedia&parent=1705"}],"curies":[{"name":"wp","href":"https:\/\/api.w.org\/{rel}","templated":true}]}}