{"id":1826,"date":"2025-02-02T11:46:54","date_gmt":"2025-02-02T11:46:54","guid":{"rendered":"https:\/\/www.azizarkan.com\/?page_id=1826"},"modified":"2026-03-24T10:38:55","modified_gmt":"2026-03-24T10:38:55","slug":"bina-sakinleri-sikayet-dilekcesi-ornegi","status":"publish","type":"page","link":"https:\/\/www.azizarkan.com\/?page_id=1826","title":{"rendered":"Bina Sakinleri \u015eikayet Dilek\u00e7esi \u00d6rne\u011fi"},"content":{"rendered":"<div data-colibri-id=\"1826-c1\" class=\"style-1432 style-local-1826-c1 position-relative\">\n  <!---->\n  <div data-colibri-component=\"section\" data-colibri-id=\"1826-c6\" id=\"custom\" class=\"h-section h-section-global-spacing d-flex align-items-lg-center align-items-md-center align-items-center style-1437 style-local-1826-c6 position-relative\">\n    <!---->\n    <!---->\n    <div class=\"h-section-grid-container h-section-boxed-container\">\n      <!---->\n      <div data-colibri-id=\"1826-c7\" class=\"h-row-container gutters-row-lg-2 gutters-row-md-2 gutters-row-0 gutters-row-v-lg-2 gutters-row-v-md-2 gutters-row-v-2 style-1438 style-local-1826-c7 position-relative\">\n        <!---->\n        <div class=\"h-row justify-content-lg-center justify-content-md-center justify-content-center align-items-lg-stretch align-items-md-stretch align-items-stretch gutters-col-lg-2 gutters-col-md-2 gutters-col-0 gutters-col-v-lg-2 gutters-col-v-md-2 gutters-col-v-2\">\n          <!---->\n          <div class=\"h-column h-column-container d-flex h-col-lg-auto h-col-md-auto h-col-auto style-1439-outer style-local-1826-c8-outer\">\n            <div data-colibri-id=\"1826-c8\" class=\"d-flex h-flex-basis h-column__inner h-px-lg-2 h-px-md-2 h-px-2 v-inner-lg-2 v-inner-md-2 v-inner-2 style-1439 style-local-1826-c8 position-relative\">\n              <!---->\n              <!---->\n              <div class=\"w-100 h-y-container h-column__content h-column__v-align flex-basis-100 align-self-lg-start align-self-md-start align-self-start\">\n                <!---->\n                <div data-colibri-id=\"1826-c9\" class=\"h-text h-text-component style-1440 style-local-1826-c9 position-relative h-element\">\n                  <!---->\n                  <!---->\n                  <div class=\"\">\n                    <p>\n                      <br>\n                    <\/p>\n                    <p>\n                      <br>\n                    <\/p>\n                    <p>CUMHUR\u0130YET BA\u015eSAVCILI\u011eI\u2019NA<\/p>\n                    <p>\u015e\u0130KAYET\u00c7\u0130\n                      <br>\u015e\u00dcPHEL\u0130\n                      <br>SU\u00c7\n                      <br>SU\u00c7 TAR\u0130H\u0130<\/p>\n                    <p>A\u00c7IKLAMALAR<\/p>\n                    <p>\u015eikayet olunan \u2026\u2026\u2026 \u015fah\u0131s ile \u2026. Mahallesi, \u2026. Caddesi, \u2026. Sokak No: 1 Y\u0131ld\u0131z Apartman\u0131nda oturmaktay\u0131z. \u015eikayet olunan ki\u015fi benim oturdu\u011fum dairenin \u00fcst kat\u0131nda oturmaktad\u0131r. Yakla\u015f\u0131k 1 ayd\u0131r bu ki\u015fi dairesinde y\u00fcksek sesle m\u00fczik dinlemekte\n                      ve g\u00fcr\u00fclt\u00fc \u00e7\u0131karmaktad\u0131r. Bu g\u00fcr\u00fclt\u00fc ve y\u00fcksek ses hemen hemen her g\u00fcn ya\u015fanmaktad\u0131r. Bu ki\u015fiyi y\u00fcksek ses \u00e7\u0131karmamas\u0131 ve g\u00fcr\u00fclt\u00fc yapmamas\u0131 defalarca uyarmama ra\u011fmen \u0131srarla ayn\u0131 davran\u0131\u015flar\u0131n\u0131 s\u00fcrd\u00fcrmeye devam etmektedir. Hakk\u0131n\u0131zda\n                      savc\u0131l\u0131\u011fa \u015fikayette bulanaca\u011f\u0131m diye de uyard\u0131m, bu uyar\u0131dan sonra daha da ileri giderek ge\u00e7 saatlere kadar y\u00fcksek sesle m\u00fczik dinlemeye ba\u015flad\u0131. Bu durum okula gitmekte olan \u00e7ocuklar\u0131m\u0131n da uykusuz kalmas\u0131na sebep oldu\u011fu gibi sa\u011fl\u0131klar\u0131n\u0131\n                      da bozacak bir hal alm\u0131\u015ft\u0131r. Apartman\u0131m\u0131zda bulunan di\u011fer apartman sakinleri de bu durumdan rahats\u0131zl\u0131k duymaktad\u0131rlar.<\/p>\n                    <p>HUKUK\u0130 NEDENLER : 5237 say\u0131l\u0131 kanun ve ilgili t\u00fcm mevzuat.\n                      <br>HUKUK\u0130 DEL\u0130LLER : Tan\u0131k beyanlar\u0131 ve sair t\u00fcm deliller.<\/p>\n                    <p>NET\u0130CE ve TALEP\n                      <br>Yukar\u0131da a\u00e7\u0131klanan nedenlerle \u015f\u00fcpheli hakk\u0131nda \u015f\u00fcphelinin eylemine uyan TCK\u2019nun ilgili maddeleri uyar\u0131nca cezaland\u0131r\u0131lmas\u0131 i\u00e7in kamu davas\u0131 a\u00e7\u0131lmas\u0131n\u0131, sayg\u0131lar\u0131mla arz ve talep ederim\u2026\/\u2026\/\u2026..<\/p>\n                    <p>\u015eikayet\u00e7i\n                      <br>(\u0130sim Soyisim ve \u0130mza)<\/p>\n                    <p>\n                      <br>\n                    <\/p>\n                    <p>\n                      <br>\n                    <\/p>\n                  <\/div>\n                <\/div>\n              <\/div>\n            <\/div>\n          <\/div>\n        <\/div>\n      <\/div>\n    <\/div>\n  <\/div>\n<\/div>","protected":false},"excerpt":{"rendered":"<p>CUMHUR\u0130YET BA\u015eSAVCILI\u011eI\u2019NA \u015e\u0130KAYET\u00c7\u0130 \u015e\u00dcPHEL\u0130 SU\u00c7 SU\u00c7 TAR\u0130H\u0130 A\u00c7IKLAMALAR \u015eikayet olunan \u2026\u2026\u2026 \u015fah\u0131s ile \u2026. Mahallesi, \u2026. Caddesi, \u2026. Sokak No: 1 Y\u0131ld\u0131z Apartman\u0131nda oturmaktay\u0131z. \u015eikayet olunan ki\u015fi benim oturdu\u011fum dairenin \u00fcst kat\u0131nda oturmaktad\u0131r. Yakla\u015f\u0131k 1 ayd\u0131r bu ki\u015fi dairesinde y\u00fcksek sesle m\u00fczik dinlemekte ve g\u00fcr\u00fclt\u00fc \u00e7\u0131karmaktad\u0131r. Bu g\u00fcr\u00fclt\u00fc ve y\u00fcksek ses hemen hemen her g\u00fcn [&hellip;]<\/p>\n","protected":false},"author":1,"featured_media":0,"parent":0,"menu_order":0,"comment_status":"closed","ping_status":"closed","template":"page-templates\/full-width-page.php","meta":{"om_disable_all_campaigns":false,"_monsterinsights_skip_tracking":false,"_monsterinsights_sitenote_active":false,"_monsterinsights_sitenote_note":"","_monsterinsights_sitenote_category":0,"_uf_show_specific_survey":0,"_uf_disable_surveys":false,"footnotes":""},"class_list":["post-1826","page","type-page","status-publish","hentry"],"aioseo_notices":[],"_links":{"self":[{"href":"https:\/\/www.azizarkan.com\/index.php?rest_route=\/wp\/v2\/pages\/1826","targetHints":{"allow":["GET"]}}],"collection":[{"href":"https:\/\/www.azizarkan.com\/index.php?rest_route=\/wp\/v2\/pages"}],"about":[{"href":"https:\/\/www.azizarkan.com\/index.php?rest_route=\/wp\/v2\/types\/page"}],"author":[{"embeddable":true,"href":"https:\/\/www.azizarkan.com\/index.php?rest_route=\/wp\/v2\/users\/1"}],"replies":[{"embeddable":true,"href":"https:\/\/www.azizarkan.com\/index.php?rest_route=%2Fwp%2Fv2%2Fcomments&post=1826"}],"version-history":[{"count":3,"href":"https:\/\/www.azizarkan.com\/index.php?rest_route=\/wp\/v2\/pages\/1826\/revisions"}],"predecessor-version":[{"id":3358,"href":"https:\/\/www.azizarkan.com\/index.php?rest_route=\/wp\/v2\/pages\/1826\/revisions\/3358"}],"wp:attachment":[{"href":"https:\/\/www.azizarkan.com\/index.php?rest_route=%2Fwp%2Fv2%2Fmedia&parent=1826"}],"curies":[{"name":"wp","href":"https:\/\/api.w.org\/{rel}","templated":true}]}}