{"id":1855,"date":"2025-02-02T12:18:12","date_gmt":"2025-02-02T12:18:12","guid":{"rendered":"https:\/\/www.azizarkan.com\/?page_id=1855"},"modified":"2026-03-25T11:33:06","modified_gmt":"2026-03-25T11:33:06","slug":"tek_meskeni_olan_emeklilere_dul_ve_yetimlere_ait_form","status":"publish","type":"page","link":"https:\/\/www.azizarkan.com\/?page_id=1855","title":{"rendered":"emlak vergi muafiyet dilek\u00e7e \u00f6rne\u011fi"},"content":{"rendered":"<div data-colibri-id=\"1855-c1\" class=\"style-1441 style-local-1855-c1 position-relative\">\n  <!---->\n  <div data-colibri-component=\"section\" data-colibri-id=\"1855-c6\" id=\"custom\" class=\"h-section h-section-global-spacing d-flex align-items-lg-center align-items-md-center align-items-center style-1446 style-local-1855-c6 position-relative\">\n    <!---->\n    <!---->\n    <div class=\"h-section-grid-container h-section-boxed-container\">\n      <!---->\n      <div data-colibri-id=\"1855-c7\" class=\"h-row-container gutters-row-lg-2 gutters-row-md-2 gutters-row-0 gutters-row-v-lg-2 gutters-row-v-md-2 gutters-row-v-2 style-1447 style-local-1855-c7 position-relative\">\n        <!---->\n        <div class=\"h-row justify-content-lg-center justify-content-md-center justify-content-center align-items-lg-stretch align-items-md-stretch align-items-stretch gutters-col-lg-2 gutters-col-md-2 gutters-col-0 gutters-col-v-lg-2 gutters-col-v-md-2 gutters-col-v-2\">\n          <!---->\n          <div class=\"h-column h-column-container d-flex h-col-lg-auto h-col-md-auto h-col-auto style-1448-outer style-local-1855-c8-outer\">\n            <div data-colibri-id=\"1855-c8\" class=\"d-flex h-flex-basis h-column__inner h-px-lg-2 h-px-md-2 h-px-2 v-inner-lg-2 v-inner-md-2 v-inner-2 style-1448 style-local-1855-c8 position-relative\">\n              <!---->\n              <!---->\n              <div class=\"w-100 h-y-container h-column__content h-column__v-align flex-basis-100 align-self-lg-start align-self-md-start align-self-start\">\n                <!---->\n                <div data-colibri-id=\"1855-c9\" class=\"h-text h-text-component style-1449 style-local-1855-c9 position-relative h-element\">\n                  <!---->\n                  <!---->\n                  <div class=\"\">\n                    <p>\n                      <br>\n                    <\/p>\n                    <p>Tek Meskeni Olan Emeklilere, Dul Ve Yetimlere Ait Form<\/p>\n                    <p>\n                      <br>\n                    <\/p>\n                    <p>Tarih: &#8230;..\/&#8230;&#8230;\/&#8230;&#8230;<\/p>\n                    <p>\n                      <br>\n                    <\/p>\n                    <p>&#8230;&#8230;&#8230;&#8230;&#8230;&#8230;&#8230;&#8230;&#8230;.Belediye Ba\u015fkanl\u0131\u011f\u0131na<\/p>\n                    <p>\n                      <br>\n                    <\/p>\n                    <p>&nbsp;&nbsp;&nbsp;&nbsp;&nbsp;&nbsp;&nbsp;&nbsp;&nbsp;&nbsp;&nbsp;Emlak Vergisi Kanununun 8 inci maddesi uyar\u0131nca a\u015fa\u011f\u0131da vas\u0131flar\u0131 a\u00e7\u0131klanan meskenime indirimli vergi nispeti uygulanmas\u0131n\u0131 talep ediyorum.<\/p>\n                    <p>&#8211; Gelirim m\u00fcnhas\u0131ran a\u015fa\u011f\u0131da belirtilen sosyal g\u00fcvenlik kurumundan ald\u0131\u011f\u0131m ayl\u0131ktan ibarettir.<\/p>\n                    <p>&#8211; T\u00fcrkiye s\u0131n\u0131rlar\u0131 i\u00e7inde hisseli veya tam m\u00fclkiyet kapsam\u0131nda br\u00fct y\u00fcz\u00f6l\u00e7\u00fcm\u00fc 200 m2\u2019 yi ge\u00e7meyen tek meskenim d\u0131\u015f\u0131nda ba\u015fka meskenim bulunmamaktad\u0131r.<\/p>\n                    <p>&#8211; Bu meskenimi muayyen zamanlarda dinlenme amac\u0131yla de\u011fil, daimi olarak kullanmaktay\u0131m.<\/p>\n                    <p>Yukar\u0131daki bilgilerin do\u011frulu\u011funu kabul eder, gere\u011fini arz ederim.<\/p>\n                    <p>\n                      <br>\n                    <\/p>\n                    <p>ADRES:&#8230;&#8230;&#8230;&#8230;&#8230;&#8230;&#8230;&#8230;&#8230;&#8230;&#8230;&#8230;&#8230;&#8230;&#8230;..&nbsp;&nbsp;&nbsp;&nbsp;&nbsp;&nbsp;&nbsp;&nbsp;&nbsp;&nbsp;&nbsp;&nbsp;&nbsp;&nbsp;&nbsp;&nbsp;&nbsp;&nbsp;&nbsp;&nbsp;&nbsp;&nbsp;&nbsp;&nbsp;&nbsp;&nbsp;&nbsp;&nbsp;&nbsp;&nbsp;&nbsp;&nbsp;&nbsp;&nbsp;&nbsp;&nbsp;&nbsp;&nbsp;&nbsp;&nbsp;&nbsp;&nbsp;&nbsp;&nbsp;&nbsp;&nbsp;&nbsp;&nbsp;&nbsp;&nbsp;&nbsp;&nbsp;&nbsp;&nbsp;&nbsp;&nbsp;&nbsp;&nbsp;&nbsp;&nbsp;&nbsp;&nbsp;&nbsp;&nbsp;&nbsp;&nbsp;&nbsp;Ad\u0131\n                      ve Soyad\u0131<\/p>\n                    <p>&#8230;&#8230;&#8230;&#8230;&#8230;&#8230;&#8230;&#8230;&#8230;&#8230;&#8230;&#8230;&#8230;&#8230;&#8230;&#8230;&#8230;&#8230;&#8230;&#8230;.&nbsp;&nbsp;&nbsp;&nbsp;&nbsp;&nbsp;&nbsp;&nbsp;&nbsp;&nbsp;&nbsp;&nbsp;&nbsp;&nbsp;&nbsp;&nbsp;&nbsp;&nbsp;&nbsp;&nbsp;&nbsp;&nbsp;&nbsp;&nbsp;&nbsp;&nbsp;&nbsp;&nbsp;&nbsp;&nbsp;&nbsp;&nbsp;&nbsp;&nbsp;&nbsp;&nbsp;&nbsp;&nbsp;&nbsp;&nbsp;&nbsp;&nbsp;&nbsp;&nbsp;&nbsp;&nbsp;&nbsp;&nbsp;&nbsp;&nbsp;&nbsp;&nbsp;&nbsp;&nbsp;&nbsp;&nbsp;&nbsp;&nbsp;&nbsp;&nbsp;&nbsp;&nbsp;&nbsp;&nbsp;&nbsp;&nbsp;&nbsp;&nbsp;&nbsp;&nbsp;&nbsp;&nbsp;&nbsp;&nbsp;\u0130mza&nbsp;&nbsp;&nbsp;&nbsp;&nbsp;&nbsp;&nbsp;&nbsp;&nbsp;&nbsp;&nbsp;&nbsp;&nbsp;&nbsp;&nbsp;&nbsp;&nbsp;&nbsp;&nbsp;&nbsp;<\/p>\n                    <p>\n                      <br>\n                    <\/p>\n                    <p>GAYR\u0130MENKUL\u00dcN:&nbsp;&nbsp;&nbsp;&nbsp;&nbsp;&nbsp;&nbsp;&nbsp;&nbsp;&nbsp;&nbsp;&nbsp;&nbsp;&nbsp;&nbsp;&nbsp;&nbsp;&nbsp;&nbsp;&nbsp;&nbsp;<\/p>\n                    <p>Bina Vergisi Sicil No : &#8230;&#8230;&#8230;&#8230;&#8230;&#8230;&#8230;&#8230;&#8230;&#8230;&#8230;&#8230;&#8230;&#8230;&#8230;&#8230;..&nbsp;&nbsp;&nbsp;&nbsp;&nbsp;&nbsp;Pafta No&nbsp;: &#8230;&#8230;&#8230;&#8230;&#8230;&#8230;&#8230;&#8230;&#8230;.<\/p>\n                    <p>Belediyenin Ad\u0131&nbsp;&nbsp;&nbsp;&nbsp;&nbsp;&nbsp;&nbsp;&nbsp;: &#8230;&#8230;&#8230;&#8230;&#8230;&#8230;&#8230;&#8230;&#8230;&#8230;&#8230;&#8230;&#8230;&#8230;&#8230;&#8230;..&nbsp;&nbsp;&nbsp;&nbsp;&nbsp;&nbsp;Ada No&nbsp;&nbsp;&nbsp;: &#8230;&#8230;&#8230;&#8230;&#8230;&#8230;&#8230;&#8230;&#8230;.<\/p>\n                    <p>Mahallesi&nbsp;&nbsp;&nbsp;&nbsp;&nbsp;&nbsp;&nbsp;&nbsp;&nbsp;&nbsp;&nbsp;&nbsp;&nbsp;&nbsp;&nbsp;&nbsp;&nbsp;&nbsp;&nbsp;: &#8230;&#8230;&#8230;&#8230;&#8230;&#8230;&#8230;&#8230;&#8230;&#8230;&#8230;&#8230;&#8230;&#8230;&#8230;&#8230;..&nbsp;&nbsp;&nbsp;&nbsp;&nbsp;&nbsp;Parsel No : &#8230;&#8230;&#8230;&#8230;&#8230;&#8230;&#8230;&#8230;&#8230;.<\/p>\n                    <p>Cadde ve Soka\u011f\u0131&nbsp;&nbsp;&nbsp;&nbsp;&nbsp;&nbsp;&nbsp;&nbsp;: &#8230;&#8230;&#8230;&#8230;&#8230;&#8230;&#8230;&#8230;&#8230;&#8230;&#8230;&#8230;&#8230;&#8230;&#8230;&#8230;..<\/p>\n                    <p>Kap\u0131 ve Daire No&nbsp;&nbsp;&nbsp;&nbsp;&nbsp;&nbsp;: &#8230;&#8230;&#8230;&#8230;&#8230;&#8230;&#8230;&#8230;&#8230;&#8230;&#8230;&#8230;&#8230;&#8230;&#8230;&#8230;..<\/p>\n                    <p>\n                      <br>\n                    <\/p>\n                    <p>T.C. EMEKL\u0130 SANDI\u011eI<\/p>\n                    <p>BA\u011e-KUR<\/p>\n                    <p>D\u0130\u011eER SANDIKLAR (X)<\/p>\n                    <p>Emekli Sand\u0131\u011f\u0131 Sicil No : &#8230;&#8230;&#8230;&#8230;&#8230;&#8230;&#8230;&#8230;&#8230;&#8230;&#8230;&#8230;&#8230;&#8230;&#8230;&#8230;&#8230;<\/p>\n                    <p>SSK No&nbsp;&nbsp;&nbsp;&nbsp;&nbsp;&nbsp;&nbsp;&nbsp;: &#8230;&#8230;&#8230;&#8230;&#8230;&#8230;&#8230;&#8230;&#8230;&#8230;&#8230;&#8230;&#8230;&#8230;&#8230;&#8230;&#8230;&#8230;&#8230;&#8230;&#8230;&#8230;.<\/p>\n                    <p>Ba\u011f-Kur No&nbsp;&nbsp;&nbsp;: &#8230;&#8230;&#8230;&#8230;&#8230;&#8230;&#8230;&#8230;&#8230;&#8230;&#8230;&#8230;&#8230;&#8230;&#8230;&#8230;&#8230;&#8230;&#8230;&#8230;&#8230;&#8230;.<\/p>\n                    <p>\n                      <br>\n                    <\/p>\n                    <p>Not: M\u00fckellef hangi sosyal g\u00fcvenlik kurumundan ayl\u0131k al\u0131yorsa o kuruma kurumundan ayl\u0131k al\u0131yorsa o kuruma(X) Sosyal Sigortalar Kanununun ge\u00e7ici 20 nci maddesi kapsam\u0131na giren sand\u0131\u011f\u0131n ismi yaz\u0131lacakt\u0131r.<\/p>\n                    <p>\n                      <br>\n                    <\/p>\n                    <p>www.azizarkan.com<\/p>\n                    <p>\n                      <br>\n                    <\/p>\n                  <\/div>\n                <\/div>\n              <\/div>\n            <\/div>\n          <\/div>\n        <\/div>\n      <\/div>\n    <\/div>\n  <\/div>\n<\/div>","protected":false},"excerpt":{"rendered":"<p>Tek Meskeni Olan Emeklilere, Dul Ve Yetimlere Ait Form Tarih: &#8230;..\/&#8230;&#8230;\/&#8230;&#8230; &#8230;&#8230;&#8230;&#8230;&#8230;&#8230;&#8230;&#8230;&#8230;.Belediye Ba\u015fkanl\u0131\u011f\u0131na &nbsp;&nbsp;&nbsp;&nbsp;&nbsp;&nbsp;&nbsp;&nbsp;&nbsp;&nbsp;&nbsp;Emlak Vergisi Kanununun 8 inci maddesi uyar\u0131nca a\u015fa\u011f\u0131da vas\u0131flar\u0131 a\u00e7\u0131klanan meskenime indirimli vergi nispeti uygulanmas\u0131n\u0131 talep ediyorum. &#8211; Gelirim m\u00fcnhas\u0131ran a\u015fa\u011f\u0131da belirtilen sosyal g\u00fcvenlik kurumundan ald\u0131\u011f\u0131m ayl\u0131ktan ibarettir. &#8211; T\u00fcrkiye s\u0131n\u0131rlar\u0131 i\u00e7inde hisseli veya tam m\u00fclkiyet kapsam\u0131nda br\u00fct y\u00fcz\u00f6l\u00e7\u00fcm\u00fc 200 m2\u2019 yi [&hellip;]<\/p>\n","protected":false},"author":1,"featured_media":0,"parent":0,"menu_order":0,"comment_status":"closed","ping_status":"closed","template":"page-templates\/full-width-page.php","meta":{"om_disable_all_campaigns":false,"_monsterinsights_skip_tracking":false,"_monsterinsights_sitenote_active":false,"_monsterinsights_sitenote_note":"","_monsterinsights_sitenote_category":0,"_uf_show_specific_survey":0,"_uf_disable_surveys":false,"footnotes":""},"class_list":["post-1855","page","type-page","status-publish","hentry"],"aioseo_notices":[],"_links":{"self":[{"href":"https:\/\/www.azizarkan.com\/index.php?rest_route=\/wp\/v2\/pages\/1855","targetHints":{"allow":["GET"]}}],"collection":[{"href":"https:\/\/www.azizarkan.com\/index.php?rest_route=\/wp\/v2\/pages"}],"about":[{"href":"https:\/\/www.azizarkan.com\/index.php?rest_route=\/wp\/v2\/types\/page"}],"author":[{"embeddable":true,"href":"https:\/\/www.azizarkan.com\/index.php?rest_route=\/wp\/v2\/users\/1"}],"replies":[{"embeddable":true,"href":"https:\/\/www.azizarkan.com\/index.php?rest_route=%2Fwp%2Fv2%2Fcomments&post=1855"}],"version-history":[{"count":4,"href":"https:\/\/www.azizarkan.com\/index.php?rest_route=\/wp\/v2\/pages\/1855\/revisions"}],"predecessor-version":[{"id":3657,"href":"https:\/\/www.azizarkan.com\/index.php?rest_route=\/wp\/v2\/pages\/1855\/revisions\/3657"}],"wp:attachment":[{"href":"https:\/\/www.azizarkan.com\/index.php?rest_route=%2Fwp%2Fv2%2Fmedia&parent=1855"}],"curies":[{"name":"wp","href":"https:\/\/api.w.org\/{rel}","templated":true}]}}