{"id":2268,"date":"2025-02-04T15:13:05","date_gmt":"2025-02-04T15:13:05","guid":{"rendered":"https:\/\/www.azizarkan.com\/?page_id=2268"},"modified":"2026-03-24T11:12:25","modified_gmt":"2026-03-24T11:12:25","slug":"yanan-ve-yikilan-yapilar-formu","status":"publish","type":"page","link":"https:\/\/www.azizarkan.com\/?page_id=2268","title":{"rendered":"Yanan ve Y\u0131k\u0131lan Yap\u0131lar Formu"},"content":{"rendered":"<div data-colibri-id=\"2268-c1\" class=\"style-1499 style-local-2268-c1 position-relative\">\n  <!---->\n  <div data-colibri-component=\"section\" data-colibri-id=\"2268-c6\" id=\"custom\" class=\"h-section h-section-global-spacing d-flex align-items-lg-center align-items-md-center align-items-center style-1504 style-local-2268-c6 position-relative\">\n    <!---->\n    <!---->\n    <div class=\"h-section-grid-container h-section-boxed-container\">\n      <!---->\n      <div data-colibri-id=\"2268-c7\" class=\"h-row-container gutters-row-lg-2 gutters-row-md-2 gutters-row-0 gutters-row-v-lg-2 gutters-row-v-md-2 gutters-row-v-2 style-1505 style-local-2268-c7 position-relative\">\n        <!---->\n        <div class=\"h-row justify-content-lg-center justify-content-md-center justify-content-center align-items-lg-stretch align-items-md-stretch align-items-stretch gutters-col-lg-2 gutters-col-md-2 gutters-col-0 gutters-col-v-lg-2 gutters-col-v-md-2 gutters-col-v-2\">\n          <!---->\n          <div class=\"h-column h-column-container d-flex h-col-lg-auto h-col-md-auto h-col-auto style-1506-outer style-local-2268-c8-outer\">\n            <div data-colibri-id=\"2268-c8\" class=\"d-flex h-flex-basis h-column__inner h-px-lg-2 h-px-md-2 h-px-2 v-inner-lg-2 v-inner-md-2 v-inner-2 style-1506 style-local-2268-c8 position-relative\">\n              <!---->\n              <!---->\n              <div class=\"w-100 h-y-container h-column__content h-column__v-align flex-basis-100 align-self-lg-start align-self-md-start align-self-start\">\n                <!---->\n                <div data-colibri-id=\"2268-c9\" class=\"h-text h-text-component style-1507 style-local-2268-c9 position-relative h-element\">\n                  <!---->\n                  <!---->\n                  <div class=\"\">\n                    <p>\n                      <br>\n                    <\/p>\n                    <p>\n                      <br>\n                    <\/p>\n                    <p><strong>T.C.<\/strong><\/p>\n                    <p><strong>&#8230;&#8230;&#8230;&#8230;&#8230;&#8230;&#8230;&#8230;BELED\u0130YE BA\u015eKANLI\u011eI<\/strong><\/p>\n                    <p><strong>Yap\u0131 Kontrol M\u00fcd\u00fcrl\u00fc\u011f\u00fc&#8217;ne<\/strong><\/p>\n                    <p>\n                      <br>\n                    <\/p>\n                    <p><strong>\u00dcmraniye \u0130l\u00e7esi, \u2026\u2026\u2026\u2026\u2026.\u2026\u2026\u2026\u2026.\u2026.\u2026\u2026&#8230;.. Mahallesi , Pafta:\u2026..\u2026\u2026\u2026\u2026\u2026\u2026\u2026\u2026\u2026\u2026\u2026.<\/strong><\/p>\n                    <p><strong>Ada:\u2026\u2026\u2026.\u2026\u2026\u2026\u2026.. Parsel:\u2026\u2026..\u2026&#8230;.\u2026\u2026\u2026. say\u0131l\u0131 yerdebulunan binam\u0131z\u0131n \u2026\u2026\u2026.\u2026\u2026\u2026..<\/strong><\/p>\n                    <p><strong>tarihleri aras\u0131nda y\u0131k\u0131m\u0131n\u0131 ger\u00e7ekle\u015ftirece\u011fimi bilgilerinize arz ederim.<\/strong><\/p>\n                    <p>\n                      <br>\n                    <\/p>\n                    <p>\n                      <br>\n                    <\/p>\n                    <p>\n                      <br>\n                    <\/p>\n                    <p>\n                      <br>\n                    <\/p>\n                    <p>\n                      <br>\n                    <\/p>\n                    <p><strong>M\u00dcTEAHH\u0130T F\u0130RMA ADI SOYADI :<\/strong><\/p>\n                    <p><strong>T.C.NO:<\/strong><\/p>\n                    <p><strong>TELEFON NO:<\/strong><\/p>\n                    <p><strong>\u0130MZA:<\/strong><\/p>\n                    <p>\n                      <br>\n                    <\/p>\n                    <p><strong>TAK\u0130P\u00c7\u0130 ADI SOYADI:<\/strong><\/p>\n                    <p><strong>T.C.NO:<\/strong><\/p>\n                    <p><strong>TELEFON NO:<\/strong><\/p>\n                    <p><strong>\u0130MZA:<\/strong><\/p>\n                    <p>\n                      <br>\n                    <\/p>\n                    <p>\n                      <br>\n                    <\/p>\n                    <p>\n                      <br>\n                    <\/p>\n                    <p>\n                      <br>\n                    <\/p>\n                    <p>\n                      <br>\n                    <\/p>\n                    <p>YIKIMI YAPILACAK B\u0130NANIN ADRES\u0130 :<\/p>\n                    <p>\n                      <br>\n                    <\/p>\n                    <p>\n                      <br>\n                    <\/p>\n                    <p>\n                      <br>\n                    <\/p>\n                    <p>\n                      <br>\n                    <\/p>\n                    <p>\n                      <br>\n                    <\/p>\n                    <p>\n                      <br>\n                    <\/p>\n                    <p>\n                      <br>\n                    <\/p>\n                    <p>\n                      <br>\n                    <\/p>\n                    <p>\n                      <br>\n                    <\/p>\n                    <p>\n                      <br>\n                    <\/p>\n                    <p>\n                      <br>\n                    <\/p>\n                    <p>\n                      <br>\n                    <\/p>\n                    <p><strong>EKLER:<\/strong><\/p>\n                    <p><strong>M\u00dcTEAHH\u0130T K\u0130ML\u0130KFOTOKOP\u0130S\u0130<\/strong><\/p>\n                    <p><strong>YIKIM RUHSATI FOTOKOP\u0130S\u0130<\/strong><\/p>\n                    <p><strong>YIKIMI YAPILACAK YER\u0130N SAC PANO \u00c7EVR\u0130L\u0130 FOTO\u011eRAFLARI<\/strong><\/p>\n                    <p><strong>YIKIMI YAPILACAK YERDE UYARI TEBALASINI G\u00d6STER\u0130R FOTO\u011eRAF<\/strong><\/p>\n                    <p><strong>TAK\u0130P\u00c7\u0130 BA\u015eVURULARINDA VEKALETNAME<\/strong><\/p>\n                    <p>\n                      <br>\n                    <\/p>\n                    <p>\n                      <br>\n                    <\/p>\n                    <p>\n                      <br>\n                    <\/p>\n                    <p>\n                      <br>\n                    <\/p>\n                    <p>\n                      <br>\n                    <\/p>\n                  <\/div>\n                <\/div>\n              <\/div>\n            <\/div>\n          <\/div>\n        <\/div>\n      <\/div>\n    <\/div>\n  <\/div>\n<\/div>","protected":false},"excerpt":{"rendered":"<p>T.C. &#8230;&#8230;&#8230;&#8230;&#8230;&#8230;&#8230;&#8230;BELED\u0130YE BA\u015eKANLI\u011eI Yap\u0131 Kontrol M\u00fcd\u00fcrl\u00fc\u011f\u00fc&#8217;ne \u00dcmraniye \u0130l\u00e7esi, \u2026\u2026\u2026\u2026\u2026.\u2026\u2026\u2026\u2026.\u2026.\u2026\u2026&#8230;.. Mahallesi , Pafta:\u2026..\u2026\u2026\u2026\u2026\u2026\u2026\u2026\u2026\u2026\u2026\u2026. Ada:\u2026\u2026\u2026.\u2026\u2026\u2026\u2026.. Parsel:\u2026\u2026..\u2026&#8230;.\u2026\u2026\u2026. say\u0131l\u0131 yerdebulunan binam\u0131z\u0131n \u2026\u2026\u2026.\u2026\u2026\u2026.. tarihleri aras\u0131nda y\u0131k\u0131m\u0131n\u0131 ger\u00e7ekle\u015ftirece\u011fimi bilgilerinize arz ederim. M\u00dcTEAHH\u0130T F\u0130RMA ADI SOYADI : T.C.NO: TELEFON NO: \u0130MZA: TAK\u0130P\u00c7\u0130 ADI SOYADI: T.C.NO: TELEFON NO: \u0130MZA: YIKIMI YAPILACAK B\u0130NANIN ADRES\u0130 : EKLER: M\u00dcTEAHH\u0130T K\u0130ML\u0130KFOTOKOP\u0130S\u0130 YIKIM RUHSATI FOTOKOP\u0130S\u0130 YIKIMI YAPILACAK YER\u0130N [&hellip;]<\/p>\n","protected":false},"author":1,"featured_media":0,"parent":0,"menu_order":0,"comment_status":"closed","ping_status":"closed","template":"page-templates\/full-width-page.php","meta":{"om_disable_all_campaigns":false,"_monsterinsights_skip_tracking":false,"_monsterinsights_sitenote_active":false,"_monsterinsights_sitenote_note":"","_monsterinsights_sitenote_category":0,"_uf_show_specific_survey":0,"_uf_disable_surveys":false,"footnotes":""},"class_list":["post-2268","page","type-page","status-publish","hentry"],"aioseo_notices":[],"_links":{"self":[{"href":"https:\/\/www.azizarkan.com\/index.php?rest_route=\/wp\/v2\/pages\/2268","targetHints":{"allow":["GET"]}}],"collection":[{"href":"https:\/\/www.azizarkan.com\/index.php?rest_route=\/wp\/v2\/pages"}],"about":[{"href":"https:\/\/www.azizarkan.com\/index.php?rest_route=\/wp\/v2\/types\/page"}],"author":[{"embeddable":true,"href":"https:\/\/www.azizarkan.com\/index.php?rest_route=\/wp\/v2\/users\/1"}],"replies":[{"embeddable":true,"href":"https:\/\/www.azizarkan.com\/index.php?rest_route=%2Fwp%2Fv2%2Fcomments&post=2268"}],"version-history":[{"count":3,"href":"https:\/\/www.azizarkan.com\/index.php?rest_route=\/wp\/v2\/pages\/2268\/revisions"}],"predecessor-version":[{"id":3407,"href":"https:\/\/www.azizarkan.com\/index.php?rest_route=\/wp\/v2\/pages\/2268\/revisions\/3407"}],"wp:attachment":[{"href":"https:\/\/www.azizarkan.com\/index.php?rest_route=%2Fwp%2Fv2%2Fmedia&parent=2268"}],"curies":[{"name":"wp","href":"https:\/\/api.w.org\/{rel}","templated":true}]}}