{"id":2278,"date":"2025-02-04T15:20:33","date_gmt":"2025-02-04T15:20:33","guid":{"rendered":"https:\/\/www.azizarkan.com\/?page_id=2278"},"modified":"2026-03-25T11:36:39","modified_gmt":"2026-03-25T11:36:39","slug":"imar-durum-belgesi","status":"publish","type":"page","link":"https:\/\/www.azizarkan.com\/?page_id=2278","title":{"rendered":"Emlak \u0130mar Durum Belgesi"},"content":{"rendered":"<div data-colibri-id=\"2278-c1\" class=\"style-1517 style-local-2278-c1 position-relative\">\n  <!---->\n  <div data-colibri-component=\"section\" data-colibri-id=\"2278-c6\" id=\"custom\" class=\"h-section h-section-global-spacing d-flex align-items-lg-center align-items-md-center align-items-center style-1522 style-local-2278-c6 position-relative\">\n    <!---->\n    <!---->\n    <div class=\"h-section-grid-container h-section-boxed-container\">\n      <!---->\n      <div data-colibri-id=\"2278-c7\" class=\"h-row-container gutters-row-lg-2 gutters-row-md-2 gutters-row-0 gutters-row-v-lg-2 gutters-row-v-md-2 gutters-row-v-2 style-1523 style-local-2278-c7 position-relative\">\n        <!---->\n        <div class=\"h-row justify-content-lg-center justify-content-md-center justify-content-center align-items-lg-stretch align-items-md-stretch align-items-stretch gutters-col-lg-2 gutters-col-md-2 gutters-col-0 gutters-col-v-lg-2 gutters-col-v-md-2 gutters-col-v-2\">\n          <!---->\n          <div class=\"h-column h-column-container d-flex h-col-lg-auto h-col-md-auto h-col-auto style-1524-outer style-local-2278-c8-outer\">\n            <div data-colibri-id=\"2278-c8\" class=\"d-flex h-flex-basis h-column__inner h-px-lg-2 h-px-md-2 h-px-2 v-inner-lg-2 v-inner-md-2 v-inner-2 style-1524 style-local-2278-c8 position-relative\">\n              <!---->\n              <!---->\n              <div class=\"w-100 h-y-container h-column__content h-column__v-align flex-basis-100 align-self-lg-start align-self-md-start align-self-start\">\n                <!---->\n                <div data-colibri-id=\"2278-c9\" class=\"h-text h-text-component style-1525 style-local-2278-c9 position-relative h-element\">\n                  <!---->\n                  <!---->\n                  <div class=\"\">\n                    <p>\n                      <br>\n                    <\/p>\n                    <p>\u0130MAR DURUM BELGES\u0130 \u0130\u00c7\u0130N GEREKL\u0130 BELGELER<\/p>\n                    <p>1- Tapu fotokopisi<\/p>\n                    <p>&nbsp; &nbsp; &nbsp;2-&nbsp;Aplikasyon krokisi<\/p>\n                    <p>3- Vekaletname<\/p>\n                    <p>\n                      <br>\n                    <\/p>\n                    <p>\n                      <br>\n                    <\/p>\n                    <p>\n                      <br>\n                    <\/p>\n                    <p>\n                      <br>\n                    <\/p>\n                    <p>\n                      <br>\n                    <\/p>\n                    <p>\n                      <br>\n                    <\/p>\n                    <p><strong>\u0130STANBUL B\u00dcY\u00dcK\u015eEH\u0130R BELED\u0130YE BA\u015eKANLI\u011eINA<\/strong><\/p>\n                    <p><strong>(\u0130mar M\u00fcd\u00fcrl\u00fc\u011f\u00fc)<\/strong><\/p>\n                    <p>\n                      <br>\n                    <\/p>\n                    <p>\n                      <br>\n                    <\/p>\n                    <p>A\u015fa\u011f\u0131da bilgileri verilen parselde 6585 say\u0131l\u0131 Kanun kapsam\u0131nda in\u015faa etmek istedi\u011fimiz Al\u0131\u015fveri\u015f Merkezi nitelikli yap\u0131 i\u00e7in gerekli incelemenin yap\u0131larak \u0130mar Durum Belgesi, \u0130n\u015faat \u0130stikamet R\u00f6levesi ve Kot Kesit belgesinin d\u00fczenlenmesini\n                      arz ederim.<\/p>\n                    <p>\n                      <br>\n                    <\/p>\n                    <p><em>Mall sahibi veya Resmi vekili <\/em><\/p>\n                    <p><em>Ad\u0131 Soyad\u0131<\/em><\/p>\n                    <p><em>imza<\/em><\/p>\n                    <p>\n                      <br>\n                    <\/p>\n                    <p>\n                      <br>\n                    <\/p>\n                    <p><strong><u>Parsel Bilgileri<\/u><\/strong><\/p>\n                    <p>\u0130l\u00e7esi&nbsp;&nbsp;&nbsp;&nbsp;&nbsp;&nbsp;&nbsp;&nbsp;&nbsp;&nbsp;&nbsp;&nbsp;&nbsp;:<\/p>\n                    <p>Mahallesi&nbsp;&nbsp;&nbsp;&nbsp;&nbsp;&nbsp;:<\/p>\n                    <p>Pafta&nbsp;&nbsp;&nbsp;&nbsp;&nbsp;&nbsp;&nbsp;&nbsp;&nbsp;&nbsp;&nbsp;&nbsp;&nbsp;:<\/p>\n                    <p>Ada&nbsp;&nbsp;&nbsp;&nbsp;&nbsp;&nbsp;&nbsp;&nbsp;&nbsp;&nbsp;&nbsp;&nbsp;&nbsp;&nbsp;:<\/p>\n                    <p>Parsel&nbsp;&nbsp;&nbsp;&nbsp;&nbsp;&nbsp;&nbsp;&nbsp;&nbsp;&nbsp;&nbsp;&nbsp;:<\/p>\n                    <p><strong><u>&nbsp;<\/u><\/strong><\/p>\n                    <p><strong><u>&nbsp;<\/u><\/strong><\/p>\n                    <p><strong><u>Mal Sahibi Bilgileri<\/u><\/strong><\/p>\n                    <p>Ad\u0131 Soyad\u0131&nbsp;&nbsp;&nbsp;&nbsp;:<\/p>\n                    <p>TC Kim No&nbsp;&nbsp;&nbsp;:<\/p>\n                    <p>Tel- E-posta&nbsp;&nbsp;&nbsp;:<\/p>\n                    <p>Adres&nbsp;&nbsp;&nbsp;&nbsp;&nbsp;&nbsp;&nbsp;&nbsp;&nbsp;&nbsp;&nbsp;&nbsp;&nbsp;:<\/p>\n                    <p><strong><u>&nbsp;<\/u><\/strong><\/p>\n                    <p><strong><u>&nbsp;<\/u><\/strong><\/p>\n                    <p>\n                      <br>\n                    <\/p>\n                    <p>\n                      <br>\n                    <\/p>\n                    <p>\n                      <br>\n                    <\/p>\n                    <p>\n                      <br>\n                    <\/p>\n                    <p>\n                      <br>\n                    <\/p>\n                    <p>\n                      <br>\n                    <\/p>\n                    <p>\n                      <br>\n                    <\/p>\n                    <p>\n                      <br>\n                    <\/p>\n                    <p>Ekler:<em> (Sadece teslim edilen belgeler yaz\u0131lacakt\u0131r.) <\/em><\/p>\n                    <p>1.&nbsp;&nbsp;&nbsp;&nbsp;&nbsp;Tapu Fotokopisi<\/p>\n                    <p>2.&nbsp;&nbsp;&nbsp;&nbsp;&nbsp;Aplikasyon Krokisi<\/p>\n                    <p>3.&nbsp;&nbsp;&nbsp;&nbsp;&nbsp;Vekaletname<\/p>\n                    <p>\n                      <br>\n                    <\/p>\n                    <p>\n                      <br>\n                    <\/p>\n                  <\/div>\n                <\/div>\n              <\/div>\n            <\/div>\n          <\/div>\n        <\/div>\n      <\/div>\n    <\/div>\n  <\/div>\n<\/div>","protected":false},"excerpt":{"rendered":"<p>\u0130MAR DURUM BELGES\u0130 \u0130\u00c7\u0130N GEREKL\u0130 BELGELER 1- Tapu fotokopisi &nbsp; &nbsp; &nbsp;2-&nbsp;Aplikasyon krokisi 3- Vekaletname \u0130STANBUL B\u00dcY\u00dcK\u015eEH\u0130R BELED\u0130YE BA\u015eKANLI\u011eINA (\u0130mar M\u00fcd\u00fcrl\u00fc\u011f\u00fc) A\u015fa\u011f\u0131da bilgileri verilen parselde 6585 say\u0131l\u0131 Kanun kapsam\u0131nda in\u015faa etmek istedi\u011fimiz Al\u0131\u015fveri\u015f Merkezi nitelikli yap\u0131 i\u00e7in gerekli incelemenin yap\u0131larak \u0130mar Durum Belgesi, \u0130n\u015faat \u0130stikamet R\u00f6levesi ve Kot Kesit belgesinin d\u00fczenlenmesini arz ederim. Mall sahibi [&hellip;]<\/p>\n","protected":false},"author":1,"featured_media":0,"parent":0,"menu_order":0,"comment_status":"closed","ping_status":"closed","template":"page-templates\/full-width-page.php","meta":{"om_disable_all_campaigns":false,"_monsterinsights_skip_tracking":false,"_monsterinsights_sitenote_active":false,"_monsterinsights_sitenote_note":"","_monsterinsights_sitenote_category":0,"_uf_show_specific_survey":0,"_uf_disable_surveys":false,"footnotes":""},"class_list":["post-2278","page","type-page","status-publish","hentry"],"aioseo_notices":[],"_links":{"self":[{"href":"https:\/\/www.azizarkan.com\/index.php?rest_route=\/wp\/v2\/pages\/2278","targetHints":{"allow":["GET"]}}],"collection":[{"href":"https:\/\/www.azizarkan.com\/index.php?rest_route=\/wp\/v2\/pages"}],"about":[{"href":"https:\/\/www.azizarkan.com\/index.php?rest_route=\/wp\/v2\/types\/page"}],"author":[{"embeddable":true,"href":"https:\/\/www.azizarkan.com\/index.php?rest_route=\/wp\/v2\/users\/1"}],"replies":[{"embeddable":true,"href":"https:\/\/www.azizarkan.com\/index.php?rest_route=%2Fwp%2Fv2%2Fcomments&post=2278"}],"version-history":[{"count":4,"href":"https:\/\/www.azizarkan.com\/index.php?rest_route=\/wp\/v2\/pages\/2278\/revisions"}],"predecessor-version":[{"id":3658,"href":"https:\/\/www.azizarkan.com\/index.php?rest_route=\/wp\/v2\/pages\/2278\/revisions\/3658"}],"wp:attachment":[{"href":"https:\/\/www.azizarkan.com\/index.php?rest_route=%2Fwp%2Fv2%2Fmedia&parent=2278"}],"curies":[{"name":"wp","href":"https:\/\/api.w.org\/{rel}","templated":true}]}}