{"id":2783,"date":"2025-02-17T11:23:18","date_gmt":"2025-02-17T11:23:18","guid":{"rendered":"https:\/\/www.azizarkan.com\/?page_id=2783"},"modified":"2026-03-24T15:20:29","modified_gmt":"2026-03-24T15:20:29","slug":"aidat-borcunu-odemeyen-site-sakini-dava-dilekcesi","status":"publish","type":"page","link":"https:\/\/www.azizarkan.com\/?page_id=2783","title":{"rendered":"Aidat ve Site Borcunu \u00d6demeyen M\u00fclk Sahibini Dava Dilek\u00e7esi"},"content":{"rendered":"<div data-colibri-id=\"2783-c1\" class=\"style-1563 style-local-2783-c1 position-relative\">\r\n  <!---->\r\n  <div data-colibri-component=\"section\" data-colibri-id=\"2783-c2\" id=\"initial-content\" class=\"h-section h-section-global-spacing d-flex align-items-lg-center align-items-md-center align-items-center style-1564 style-local-2783-c2 position-relative\">\r\n    <!---->\r\n    <!---->\r\n    <div class=\"h-section-grid-container h-section-boxed-container\">\r\n      <!---->\r\n      <div data-colibri-id=\"2783-c3\" class=\"h-row-container gutters-row-lg-2 gutters-row-md-2 gutters-row-0 gutters-row-v-lg-2 gutters-row-v-md-2 gutters-row-v-2 style-1565 style-local-2783-c3 position-relative\">\r\n        <!---->\r\n        <div class=\"h-row justify-content-lg-center justify-content-md-center justify-content-center align-items-lg-stretch align-items-md-stretch align-items-stretch gutters-col-lg-2 gutters-col-md-2 gutters-col-0 gutters-col-v-lg-2 gutters-col-v-md-2 gutters-col-v-2\">\r\n          <!---->\r\n          <div class=\"h-column h-column-container d-flex h-col-lg-auto h-col-md-auto h-col-auto style-1566-outer style-local-2783-c4-outer\">\r\n            <div data-colibri-id=\"2783-c4\" class=\"d-flex h-flex-basis h-column__inner h-px-lg-2 h-px-md-2 h-px-2 v-inner-lg-2 v-inner-md-2 v-inner-2 style-1566 style-local-2783-c4 position-relative\">\r\n              <!---->\r\n              <!---->\r\n              <div class=\"w-100 h-y-container h-column__content h-column__v-align flex-basis-100 align-self-lg-start align-self-md-start align-self-start\">\r\n                <!---->\r\n                <div data-colibri-id=\"2783-c6\" class=\"h-text h-text-component style-1568 style-local-2783-c6 position-relative h-element\">\r\n                  <!---->\r\n                  <!---->\r\n                  <div class=\"\">\r\n                    <p>\r\n                      <br>\r\n                    <\/p>\r\n                    <p>\r\n                      <br>\r\n                    <\/p>\r\n                    <p><strong>[SULH HUKUK MAHKEMES\u0130NE\/\u0130CRA M\u00dcD\u00dcRL\u00dc\u011e\u00dcNE]<\/strong><\/p>\r\n                    <p><strong>DAVACI\/ALACAKLI:<\/strong>&nbsp;[Site\/Apartman Y\u00f6netimi Ad\u0131 &#8211; Y\u00f6netici Ad\u0131]\r\n                      <br><strong>ADRES:<\/strong>&nbsp;[Y\u00f6netim Adresi]<\/p>\r\n                    <p><strong>DAVALI\/BOR\u00c7LU:<\/strong>&nbsp;[Ad\u0131 Soyad\u0131]\r\n                      <br><strong>ADRES:<\/strong>&nbsp;[Bor\u00e7lunun Adresi]<\/p>\r\n                    <p><strong>KONU:<\/strong>&nbsp;\u00d6denmeyen aidat ve ortak gider alacaklar\u0131n\u0131n tahsili (faiz ve gecikme tazminat\u0131 ile).<\/p>\r\n                    <p><strong>A\u00c7IKLAMALAR:<\/strong><\/p>\r\n                    <ol>\r\n                      <li>Daval\u0131, &#8230; Apartman\u0131\/Sitesi &#8230; numaral\u0131 ba\u011f\u0131ms\u0131z b\u00f6l\u00fcm\u00fcn maliki\/kirac\u0131s\u0131d\u0131r.<\/li>\r\n                      <li>Daval\u0131, &#8230;\/&#8230;\/20&#8230; &#8211; &#8230;\/&#8230;\/20&#8230; tarihleri aras\u0131ndaki aidat ve ortak gider bor\u00e7lar\u0131n\u0131, i\u015fletme projesine ve kat malikleri kurulu kararlar\u0131na ra\u011fmen \u00f6dememi\u015ftir.<\/li>\r\n                      <li>Bor\u00e7 tutar\u0131 toplam\u0131 [Tutar] TL olup, &#8230;\/&#8230;\/20&#8230; tarihli i\u015fletme projesi\/kurul karar\u0131 kesinle\u015fmi\u015ftir.<\/li>\r\n                      <li>Borcun tahsili i\u00e7in huzurdaki davan\u0131n a\u00e7\u0131lmas\u0131 zorunlulu\u011fu do\u011fmu\u015ftur.<\/li>\r\n                    <\/ol>\r\n                    <p><strong>HUKUK\u0130 NEDENLER:<\/strong>&nbsp;634 Say\u0131l\u0131 Kat M\u00fclkiyeti Kanunu (Md. 20, 22, 37) ve ilgili mevzuat.<\/p>\r\n                    <p><strong>DEL\u0130LLER:<\/strong>&nbsp;Y\u00f6netim Plan\u0131, Kat Malikleri Kurulu Karar Defteri, \u0130\u015fletme Projesi, Tebligatlar, Banka Kay\u0131tlar\u0131.<\/p>\r\n                    <p><strong>SONU\u00c7 VE \u0130STEM:<\/strong>\r\n                      <br>Yukar\u0131da a\u00e7\u0131klanan nedenlerle, daval\u0131n\u0131n \u00f6demedi\u011fi toplam [Tutar] TL aidat borcunun, gecikme tazminat\u0131 (%5) ve yasal faiziyle birlikte tahsiline, yarg\u0131lama giderlerinin daval\u0131ya y\u00fckletilmesine karar verilmesini arz ve talep ederim.\r\n                      [Tarih]<\/p>\r\n                    <p><strong>Davac\u0131\/Y\u00f6netici Ad\u0131-Soyad\u0131<\/strong>\r\n                      <br><strong>\u0130mza<\/strong><\/p>\r\n                    <p>\r\n                      <br>\r\n                    <\/p>\r\n                    <p>\r\n                      <br>\r\n                    <\/p>\r\n                  <\/div>\r\n                <\/div>\r\n              <\/div>\r\n            <\/div>\r\n          <\/div>\r\n        <\/div>\r\n      <\/div>\r\n    <\/div>\r\n  <\/div>\r\n<\/div>","protected":false},"excerpt":{"rendered":"<p>[SULH HUKUK MAHKEMES\u0130NE\/\u0130CRA M\u00dcD\u00dcRL\u00dc\u011e\u00dcNE] DAVACI\/ALACAKLI:&nbsp;[Site\/Apartman Y\u00f6netimi Ad\u0131 &#8211; Y\u00f6netici Ad\u0131] ADRES:&nbsp;[Y\u00f6netim Adresi] DAVALI\/BOR\u00c7LU:&nbsp;[Ad\u0131 Soyad\u0131] ADRES:&nbsp;[Bor\u00e7lunun Adresi] KONU:&nbsp;\u00d6denmeyen aidat ve ortak gider alacaklar\u0131n\u0131n tahsili (faiz ve gecikme tazminat\u0131 ile). A\u00c7IKLAMALAR: Daval\u0131, &#8230; Apartman\u0131\/Sitesi &#8230; numaral\u0131 ba\u011f\u0131ms\u0131z b\u00f6l\u00fcm\u00fcn maliki\/kirac\u0131s\u0131d\u0131r. Daval\u0131, &#8230;\/&#8230;\/20&#8230; &#8211; &#8230;\/&#8230;\/20&#8230; tarihleri aras\u0131ndaki aidat ve ortak gider bor\u00e7lar\u0131n\u0131, i\u015fletme projesine ve kat malikleri kurulu kararlar\u0131na [&hellip;]<\/p>\n","protected":false},"author":1,"featured_media":0,"parent":0,"menu_order":0,"comment_status":"closed","ping_status":"closed","template":"page-templates\/full-width-page.php","meta":{"om_disable_all_campaigns":false,"_monsterinsights_skip_tracking":false,"_monsterinsights_sitenote_active":false,"_monsterinsights_sitenote_note":"","_monsterinsights_sitenote_category":0,"_uf_show_specific_survey":0,"_uf_disable_surveys":false,"footnotes":""},"class_list":["post-2783","page","type-page","status-publish","hentry"],"aioseo_notices":[],"_links":{"self":[{"href":"https:\/\/www.azizarkan.com\/index.php?rest_route=\/wp\/v2\/pages\/2783","targetHints":{"allow":["GET"]}}],"collection":[{"href":"https:\/\/www.azizarkan.com\/index.php?rest_route=\/wp\/v2\/pages"}],"about":[{"href":"https:\/\/www.azizarkan.com\/index.php?rest_route=\/wp\/v2\/types\/page"}],"author":[{"embeddable":true,"href":"https:\/\/www.azizarkan.com\/index.php?rest_route=\/wp\/v2\/users\/1"}],"replies":[{"embeddable":true,"href":"https:\/\/www.azizarkan.com\/index.php?rest_route=%2Fwp%2Fv2%2Fcomments&post=2783"}],"version-history":[{"count":4,"href":"https:\/\/www.azizarkan.com\/index.php?rest_route=\/wp\/v2\/pages\/2783\/revisions"}],"predecessor-version":[{"id":3597,"href":"https:\/\/www.azizarkan.com\/index.php?rest_route=\/wp\/v2\/pages\/2783\/revisions\/3597"}],"wp:attachment":[{"href":"https:\/\/www.azizarkan.com\/index.php?rest_route=%2Fwp%2Fv2%2Fmedia&parent=2783"}],"curies":[{"name":"wp","href":"https:\/\/api.w.org\/{rel}","templated":true}]}}