{"id":2786,"date":"2025-02-17T11:24:20","date_gmt":"2025-02-17T11:24:20","guid":{"rendered":"https:\/\/www.azizarkan.com\/?page_id=2786"},"modified":"2026-03-25T11:19:58","modified_gmt":"2026-03-25T11:19:58","slug":"dava-dilekcesi","status":"publish","type":"page","link":"https:\/\/www.azizarkan.com\/?page_id=2786","title":{"rendered":"Gayrimenkul Alacak Dava Dilek\u00e7e"},"content":{"rendered":"<div data-colibri-id=\"2786-c1\" class=\"style-1588 style-local-2786-c1 position-relative\">\n  <!---->\n  <div data-colibri-component=\"section\" data-colibri-id=\"2786-c6\" id=\"custom\" class=\"h-section h-section-global-spacing d-flex align-items-lg-center align-items-md-center align-items-center style-1593 style-local-2786-c6 position-relative\">\n    <!---->\n    <!---->\n    <div class=\"h-section-grid-container h-section-boxed-container\">\n      <!---->\n      <div data-colibri-id=\"2786-c7\" class=\"h-row-container gutters-row-lg-2 gutters-row-md-2 gutters-row-0 gutters-row-v-lg-2 gutters-row-v-md-2 gutters-row-v-2 style-1594 style-local-2786-c7 position-relative\">\n        <!---->\n        <div class=\"h-row justify-content-lg-center justify-content-md-center justify-content-center align-items-lg-stretch align-items-md-stretch align-items-stretch gutters-col-lg-2 gutters-col-md-2 gutters-col-0 gutters-col-v-lg-2 gutters-col-v-md-2 gutters-col-v-2\">\n          <!---->\n          <div class=\"h-column h-column-container d-flex h-col-lg-auto h-col-md-auto h-col-auto style-1595-outer style-local-2786-c8-outer\">\n            <div data-colibri-id=\"2786-c8\" class=\"d-flex h-flex-basis h-column__inner h-px-lg-2 h-px-md-2 h-px-2 v-inner-lg-2 v-inner-md-2 v-inner-2 style-1595 style-local-2786-c8 position-relative\">\n              <!---->\n              <!---->\n              <div class=\"w-100 h-y-container h-column__content h-column__v-align flex-basis-100 align-self-lg-start align-self-md-start align-self-start\">\n                <!---->\n                <div data-colibri-id=\"2786-c9\" class=\"h-text h-text-component style-1596 style-local-2786-c9 position-relative h-element\">\n                  <!---->\n                  <!---->\n                  <div class=\"\">\n                    <p><strong>&#8230; &#8230;&#8230;&#8230;N\u00d6BET\u00c7\u0130 SULH HUKUK MAHKEMES\u0130NE<\/strong>&nbsp;(Kira alaca\u011f\u0131 ise Sulh, Sat\u0131\u015f ise Asliye)<\/p>\n                    <p><strong>DAVACI:<\/strong>&nbsp;(Ad\u0131, Soyad\u0131, T.C. Kimlik No, Adres)\n                      <br><strong>VEK\u0130L\u0130:<\/strong>&nbsp;(Varsa avukat\u0131n ad\u0131, soyad\u0131, adresi)\n                      <br><strong>DAVALI:<\/strong>&nbsp;(Ad\u0131, Soyad\u0131, T.C. Kimlik No, Adres)<\/p>\n                    <p><strong>KONU:<\/strong>&nbsp;Daval\u0131n\u0131n temerr\u00fcd\u00fc nedeniyle \u00f6denmeyen kira\/alacak bedellerinin yasal faiziyle tahsili ve (varsa) ta\u015f\u0131nmaz\u0131n tahliyesi talebidir.<\/p>\n                    <p><strong>A\u00c7IKLAMALAR:<\/strong><\/p>\n                    <ol>\n                      <li>Daval\u0131, &#8230;\/&#8230;\/&#8230; ba\u015flang\u0131\u00e7 tarihli kira s\u00f6zle\u015fmesi\/sat\u0131\u015f s\u00f6zle\u015fmesi uyar\u0131nca &#8230; adresinde bulunan ta\u015f\u0131nmazda kirac\u0131\/bor\u00e7ludur.<\/li>\n                      <li>Daval\u0131, &#8230;-&#8230; &#8230; ay\u0131 kira bedellerini (toplam &#8230; TL) s\u00f6zle\u015fmeye uygun olarak \u00f6dememi\u015ftir.<\/li>\n                      <li>Borcun \u00f6denmesi i\u00e7in taraf\u0131m\u0131zca &#8230; Noterli\u011fi\u2019nin &#8230;\/&#8230;\/&#8230; tarih ve &#8230; yevmiye numaral\u0131 ihtarnamesi g\u00f6nderilmi\u015f ve daval\u0131ya 30 g\u00fcnl\u00fck s\u00fcre verilmi\u015ftir.<\/li>\n                      <li>\u0130htarname daval\u0131ya &#8230;\/&#8230;\/&#8230; tarihinde tebli\u011f edilmi\u015f olup, verilen s\u00fcreye ra\u011fmen bor\u00e7 \u00f6denmemi\u015ftir (Temerr\u00fct olu\u015fmu\u015ftur).&nbsp;<\/li>\n                    <\/ol>\n                    <p><strong>HUKUK\u0130 NEDENLER:<\/strong>&nbsp;TBK, HMK ve ilgili mevzuat.\n                      <br><strong>DEL\u0130LLER:<\/strong>&nbsp;Kira s\u00f6zle\u015fmesi, ihtarname, banka kay\u0131tlar\u0131, tan\u0131k, bilirki\u015fi incelemesi, her t\u00fcrl\u00fc yasal delil.<\/p>\n                    <p><strong>\u0130STEM SONUCU:<\/strong>\n                      <br>Yukar\u0131da a\u00e7\u0131klanan nedenlerle, fazlaya ili\u015fkin haklar\u0131m\u0131z sakl\u0131 kalmak kayd\u0131yla;<\/p>\n                    <ol>\n                      <li>&#8230; TL birikmi\u015f alaca\u011f\u0131n temerr\u00fct tarihinden itibaren i\u015fleyecek yasal faiziyle tahsiline,<\/li>\n                      <li>(Varsa) Daval\u0131n\u0131n kiralanandan tahliyesine,<\/li>\n                      <li>Yarg\u0131lama giderleri ve vekalet \u00fccretinin daval\u0131ya y\u00fckletilmesine karar verilmesini talep ederiz.<\/li>\n                    <\/ol>\n                    <p><strong>Davac\u0131 Vekili<\/strong>\n                      <br><strong>(\u0130mza)<\/strong><\/p>\n                    <p>\n                      <br>\n                    <\/p>\n                    <p>\n                      <br>\n                    <\/p>\n                    <p>\n                      <br>\n                    <\/p>\n                  <\/div>\n                <\/div>\n              <\/div>\n            <\/div>\n          <\/div>\n        <\/div>\n      <\/div>\n    <\/div>\n  <\/div>\n<\/div>","protected":false},"excerpt":{"rendered":"<p>&#8230; &#8230;&#8230;&#8230;N\u00d6BET\u00c7\u0130 SULH HUKUK MAHKEMES\u0130NE&nbsp;(Kira alaca\u011f\u0131 ise Sulh, Sat\u0131\u015f ise Asliye) DAVACI:&nbsp;(Ad\u0131, Soyad\u0131, T.C. Kimlik No, Adres) VEK\u0130L\u0130:&nbsp;(Varsa avukat\u0131n ad\u0131, soyad\u0131, adresi) DAVALI:&nbsp;(Ad\u0131, Soyad\u0131, T.C. Kimlik No, Adres) KONU:&nbsp;Daval\u0131n\u0131n temerr\u00fcd\u00fc nedeniyle \u00f6denmeyen kira\/alacak bedellerinin yasal faiziyle tahsili ve (varsa) ta\u015f\u0131nmaz\u0131n tahliyesi talebidir. A\u00c7IKLAMALAR: Daval\u0131, &#8230;\/&#8230;\/&#8230; ba\u015flang\u0131\u00e7 tarihli kira s\u00f6zle\u015fmesi\/sat\u0131\u015f s\u00f6zle\u015fmesi uyar\u0131nca &#8230; adresinde bulunan ta\u015f\u0131nmazda [&hellip;]<\/p>\n","protected":false},"author":1,"featured_media":0,"parent":0,"menu_order":0,"comment_status":"closed","ping_status":"closed","template":"","meta":{"om_disable_all_campaigns":false,"_monsterinsights_skip_tracking":false,"_monsterinsights_sitenote_active":false,"_monsterinsights_sitenote_note":"","_monsterinsights_sitenote_category":0,"_uf_show_specific_survey":0,"_uf_disable_surveys":false,"footnotes":""},"class_list":["post-2786","page","type-page","status-publish","hentry"],"aioseo_notices":[],"_links":{"self":[{"href":"https:\/\/www.azizarkan.com\/index.php?rest_route=\/wp\/v2\/pages\/2786","targetHints":{"allow":["GET"]}}],"collection":[{"href":"https:\/\/www.azizarkan.com\/index.php?rest_route=\/wp\/v2\/pages"}],"about":[{"href":"https:\/\/www.azizarkan.com\/index.php?rest_route=\/wp\/v2\/types\/page"}],"author":[{"embeddable":true,"href":"https:\/\/www.azizarkan.com\/index.php?rest_route=\/wp\/v2\/users\/1"}],"replies":[{"embeddable":true,"href":"https:\/\/www.azizarkan.com\/index.php?rest_route=%2Fwp%2Fv2%2Fcomments&post=2786"}],"version-history":[{"count":4,"href":"https:\/\/www.azizarkan.com\/index.php?rest_route=\/wp\/v2\/pages\/2786\/revisions"}],"predecessor-version":[{"id":3654,"href":"https:\/\/www.azizarkan.com\/index.php?rest_route=\/wp\/v2\/pages\/2786\/revisions\/3654"}],"wp:attachment":[{"href":"https:\/\/www.azizarkan.com\/index.php?rest_route=%2Fwp%2Fv2%2Fmedia&parent=2786"}],"curies":[{"name":"wp","href":"https:\/\/api.w.org\/{rel}","templated":true}]}}