{"id":2853,"date":"2025-02-18T20:00:32","date_gmt":"2025-02-18T20:00:32","guid":{"rendered":"https:\/\/www.azizarkan.com\/?page_id=2853"},"modified":"2026-03-24T11:24:17","modified_gmt":"2026-03-24T11:24:17","slug":"veraset-ilaminin-duzeltilmesi-dilekcesi","status":"publish","type":"page","link":"https:\/\/www.azizarkan.com\/?page_id=2853","title":{"rendered":"veraset-ilaminin-duzeltilmesi-dilekcesi"},"content":{"rendered":"<div data-colibri-id=\"2853-c1\" class=\"style-1535 style-local-2853-c1 position-relative\">\n  <!---->\n  <div data-colibri-component=\"section\" data-colibri-id=\"2853-c6\" id=\"custom\" class=\"h-section h-section-global-spacing d-flex align-items-lg-center align-items-md-center align-items-center style-1540 style-local-2853-c6 position-relative\">\n    <!---->\n    <!---->\n    <div class=\"h-section-grid-container h-section-boxed-container\">\n      <!---->\n      <div data-colibri-id=\"2853-c7\" class=\"h-row-container gutters-row-lg-2 gutters-row-md-2 gutters-row-0 gutters-row-v-lg-2 gutters-row-v-md-2 gutters-row-v-2 style-1541 style-local-2853-c7 position-relative\">\n        <!---->\n        <div class=\"h-row justify-content-lg-center justify-content-md-center justify-content-center align-items-lg-stretch align-items-md-stretch align-items-stretch gutters-col-lg-2 gutters-col-md-2 gutters-col-0 gutters-col-v-lg-2 gutters-col-v-md-2 gutters-col-v-2\">\n          <!---->\n          <div class=\"h-column h-column-container d-flex h-col-lg-auto h-col-md-auto h-col-auto style-1542-outer style-local-2853-c8-outer\">\n            <div data-colibri-id=\"2853-c8\" class=\"d-flex h-flex-basis h-column__inner h-px-lg-2 h-px-md-2 h-px-2 v-inner-lg-2 v-inner-md-2 v-inner-2 style-1542 style-local-2853-c8 position-relative\">\n              <!---->\n              <!---->\n              <div class=\"w-100 h-y-container h-column__content h-column__v-align flex-basis-100 align-self-lg-start align-self-md-start align-self-start\">\n                <!---->\n                <div data-colibri-id=\"2853-c9\" class=\"h-text h-text-component style-1543 style-local-2853-c9 position-relative h-element\">\n                  <!---->\n                  <!---->\n                  <div class=\"\">\n                    <p><strong>[T.C. SULH HUKUK MAHKEMES\u0130 HAK\u0130ML\u0130\u011e\u0130&#8217;NE]<\/strong><\/p>\n                    <p><strong>DAVACI :<\/strong>&nbsp;[Ad\u0131n\u0131z Soyad\u0131n\u0131z] &#8211; [T.C. Kimlik No] &#8211; [Adresiniz]\n                      <br><strong>VEK\u0130L\u0130 :<\/strong>&nbsp;[Varsa Avukat\u0131n\u0131z\u0131n Ad\u0131]\n                      <br><strong>DAVALILAR :<\/strong>&nbsp;[Hatal\u0131 Belgede Yer Alan Di\u011fer Miras\u00e7\u0131lar]\n                      <br><strong>KONU :<\/strong>&nbsp;[Hatal\u0131 Veraset \u0130lam\u0131n\u0131 Veren Mahkeme Ad\u0131]\u2019n\u0131n [&#8230;\/&#8230;] E. &#8211; [&#8230;\/&#8230;] K. say\u0131l\u0131 ve [&#8230;\/&#8230;\/&#8230;] tarihli Veraset \u0130lam\u0131n\u0131n iptali ile hatal\u0131 k\u0131s\u0131mlar\u0131n d\u00fczeltilerek yeniden miras\u00e7\u0131l\u0131k belgesi d\u00fczenlenmesi\n                      talebidir.<\/p>\n                    <p><strong>A\u00c7IKLAMALAR :<\/strong><\/p>\n                    <ol>\n                      <li>Muris [Murisin Ad\u0131] [&#8230;\/&#8230;\/&#8230;] tarihinde vefat etmi\u015ftir.<\/li>\n                      <li>[&#8230;\/&#8230;\/&#8230;] tarihinde [Mahkeme Ad\u0131] taraf\u0131ndan verilen veraset ilam\u0131nda hatal\u0131\/eksik miras\u00e7\u0131 g\u00f6sterilmi\u015ftir.<\/li>\n                      <li>[Hata Nedir? \u00d6rn: Miras\u00e7\u0131 olmamas\u0131 gereken ki\u015fi eklenmi\u015f \/ Paylar yanl\u0131\u015f hesaplanm\u0131\u015f \/ Bir miras\u00e7\u0131 unutulmu\u015f] durumu mevcuttur. Ekli n\u00fcfus kay\u0131tlar\u0131ndan da anla\u015f\u0131laca\u011f\u0131 \u00fczere miras\u00e7\u0131lar\u0131n durumu ve pay oranlar\u0131 \u015fu \u015fekilde olmal\u0131d\u0131r:\n                        [Do\u011fru miras\u00e7\u0131lar\u0131 ve paylar\u0131n\u0131 yaz\u0131n].<\/li>\n                      <li>Bu nedenle yanl\u0131\u015f d\u00fczenlenen veraset ilam\u0131n\u0131n iptali ve d\u00fczeltilmesi i\u00e7in bu davay\u0131 a\u00e7ma zorunlulu\u011fu do\u011fmu\u015ftur.<\/li>\n                    <\/ol>\n                    <p><strong>DEL\u0130LLER :<\/strong>&nbsp;N\u00fcfus kay\u0131tlar\u0131, \u00f6l\u00fcm raporlar\u0131, eski veraset ilam\u0131, tan\u0131k ve ilgili her t\u00fcrl\u00fc yasal delil.\n                      <br><strong>\u0130STEM VE SONU\u00c7 :<\/strong>&nbsp;Yukar\u0131da a\u00e7\u0131klanan nedenlerle, dava konusu veraset ilam\u0131n\u0131n iptali ile murisin miras\u00e7\u0131lar\u0131n\u0131n ve miras paylar\u0131n\u0131n ekli n\u00fcfus kay\u0131tlar\u0131na g\u00f6re yeniden tespiti ve taraf\u0131m\u0131za d\u00fczeltilmi\u015f veraset\n                      ilam\u0131 verilmesini sayg\u0131lar\u0131mla arz ve talep ederim. [&#8230;\/&#8230;\/&#8230;]<\/p>\n                    <p><strong>[\u0130mza]<\/strong>\n                      <br><strong>[Ad Soyad]<\/strong><\/p>\n                    <p>\n                      <br>\n                    <\/p>\n                    <p>\n                      <br>\n                    <\/p>\n                    <p>\n                      <br>\n                    <\/p>\n                    <p> <\/p>\n                  <\/div>\n                <\/div>\n              <\/div>\n            <\/div>\n          <\/div>\n        <\/div>\n      <\/div>\n    <\/div>\n  <\/div>\n<\/div>","protected":false},"excerpt":{"rendered":"<p>[T.C. SULH HUKUK MAHKEMES\u0130 HAK\u0130ML\u0130\u011e\u0130&#8217;NE] DAVACI :&nbsp;[Ad\u0131n\u0131z Soyad\u0131n\u0131z] &#8211; [T.C. Kimlik No] &#8211; [Adresiniz] VEK\u0130L\u0130 :&nbsp;[Varsa Avukat\u0131n\u0131z\u0131n Ad\u0131] DAVALILAR :&nbsp;[Hatal\u0131 Belgede Yer Alan Di\u011fer Miras\u00e7\u0131lar] KONU :&nbsp;[Hatal\u0131 Veraset \u0130lam\u0131n\u0131 Veren Mahkeme Ad\u0131]\u2019n\u0131n [&#8230;\/&#8230;] E. &#8211; [&#8230;\/&#8230;] K. say\u0131l\u0131 ve [&#8230;\/&#8230;\/&#8230;] tarihli Veraset \u0130lam\u0131n\u0131n iptali ile hatal\u0131 k\u0131s\u0131mlar\u0131n d\u00fczeltilerek yeniden miras\u00e7\u0131l\u0131k belgesi d\u00fczenlenmesi talebidir. A\u00c7IKLAMALAR : [&hellip;]<\/p>\n","protected":false},"author":1,"featured_media":0,"parent":0,"menu_order":0,"comment_status":"closed","ping_status":"closed","template":"page-templates\/full-width-page.php","meta":{"om_disable_all_campaigns":false,"_monsterinsights_skip_tracking":false,"_monsterinsights_sitenote_active":false,"_monsterinsights_sitenote_note":"","_monsterinsights_sitenote_category":0,"_uf_show_specific_survey":0,"_uf_disable_surveys":false,"footnotes":""},"class_list":["post-2853","page","type-page","status-publish","hentry"],"aioseo_notices":[],"_links":{"self":[{"href":"https:\/\/www.azizarkan.com\/index.php?rest_route=\/wp\/v2\/pages\/2853","targetHints":{"allow":["GET"]}}],"collection":[{"href":"https:\/\/www.azizarkan.com\/index.php?rest_route=\/wp\/v2\/pages"}],"about":[{"href":"https:\/\/www.azizarkan.com\/index.php?rest_route=\/wp\/v2\/types\/page"}],"author":[{"embeddable":true,"href":"https:\/\/www.azizarkan.com\/index.php?rest_route=\/wp\/v2\/users\/1"}],"replies":[{"embeddable":true,"href":"https:\/\/www.azizarkan.com\/index.php?rest_route=%2Fwp%2Fv2%2Fcomments&post=2853"}],"version-history":[{"count":2,"href":"https:\/\/www.azizarkan.com\/index.php?rest_route=\/wp\/v2\/pages\/2853\/revisions"}],"predecessor-version":[{"id":3435,"href":"https:\/\/www.azizarkan.com\/index.php?rest_route=\/wp\/v2\/pages\/2853\/revisions\/3435"}],"wp:attachment":[{"href":"https:\/\/www.azizarkan.com\/index.php?rest_route=%2Fwp%2Fv2%2Fmedia&parent=2853"}],"curies":[{"name":"wp","href":"https:\/\/api.w.org\/{rel}","templated":true}]}}