{"id":2981,"date":"2025-02-18T21:23:05","date_gmt":"2025-02-18T21:23:05","guid":{"rendered":"https:\/\/www.azizarkan.com\/?page_id=2981"},"modified":"2025-02-18T21:23:11","modified_gmt":"2025-02-18T21:23:11","slug":"tasinmazin-acik-artirma-ilani","status":"publish","type":"page","link":"https:\/\/www.azizarkan.com\/?page_id=2981","title":{"rendered":"TA\u015eINMAZIN A\u00c7IK ARTIRMA \u0130L\u00c2NI"},"content":{"rendered":"\n<div data-client-id=\"\" id=\"pdf-1\" class=\"wp-block-tropicalista-pdfembed\" style=\"height:500px\" data-api-key=\"\" data-file-name=\"Ta\u015f\u0131nmaz\u0131n-a\u00e7\u0131k-art\u0131rma-ilan\u0131-\u00d6rnek-27\" data-media-url=\"https:\/\/www.azizarkan.com\/wp-content\/uploads\/2025\/02\/Tasinmazin-acik-artirma-ilani-Ornek-27.pdf\" data-show-download-pdf=\"true\" data-show-print-pdf=\"true\" data-show-page-controls=\"true\" data-show-thumbnails=\"true\" data-show-bookmarks=\"true\" data-show-zoom-control=\"true\" data-show-full-screen=\"true\" data-default-view-mode=\"FIT_PAGE\" data-show-annotation-tools=\"true\" data-enable-form-filling=\"true\" data-enable-text-selection=\"true\"><\/div>\n","protected":false},"excerpt":{"rendered":"","protected":false},"author":1,"featured_media":0,"parent":0,"menu_order":0,"comment_status":"closed","ping_status":"closed","template":"","meta":{"om_disable_all_campaigns":false,"_monsterinsights_skip_tracking":false,"_monsterinsights_sitenote_active":false,"_monsterinsights_sitenote_note":"","_monsterinsights_sitenote_category":0,"_uf_show_specific_survey":0,"_uf_disable_surveys":false,"footnotes":""},"class_list":["post-2981","page","type-page","status-publish","hentry"],"aioseo_notices":[],"_links":{"self":[{"href":"https:\/\/www.azizarkan.com\/index.php?rest_route=\/wp\/v2\/pages\/2981","targetHints":{"allow":["GET"]}}],"collection":[{"href":"https:\/\/www.azizarkan.com\/index.php?rest_route=\/wp\/v2\/pages"}],"about":[{"href":"https:\/\/www.azizarkan.com\/index.php?rest_route=\/wp\/v2\/types\/page"}],"author":[{"embeddable":true,"href":"https:\/\/www.azizarkan.com\/index.php?rest_route=\/wp\/v2\/users\/1"}],"replies":[{"embeddable":true,"href":"https:\/\/www.azizarkan.com\/index.php?rest_route=%2Fwp%2Fv2%2Fcomments&post=2981"}],"version-history":[{"count":0,"href":"https:\/\/www.azizarkan.com\/index.php?rest_route=\/wp\/v2\/pages\/2981\/revisions"}],"wp:attachment":[{"href":"https:\/\/www.azizarkan.com\/index.php?rest_route=%2Fwp%2Fv2%2Fmedia&parent=2981"}],"curies":[{"name":"wp","href":"https:\/\/api.w.org\/{rel}","templated":true}]}}